{"id":73,"date":"2024-05-21T16:56:52","date_gmt":"2024-05-21T19:56:52","guid":{"rendered":"http:\/\/8.matheussistema.tmp.k8.com.br\/contact-us\/"},"modified":"2024-07-26T14:21:54","modified_gmt":"2024-07-26T17:21:54","slug":"contato","status":"publish","type":"page","link":"https:\/\/www.endratech.com.br\/es\/contato\/","title":{"rendered":"Contacto"},"content":{"rendered":"<h1>\n\t\t\t\tCONTACTO\n\t\t\t<\/h1>\n\t\t<h4>llamanos<\/h4>\t\t\t\n\t\t\t\t<p>+55 (21) 2262-4493 <br \/>+55 (21) 2262-1639<\/p>\n\t\t<h4>Visitar<\/h4>\t\t\t\n\t\t\t\t<p>Av. Atl\u00e2ntica, 4240 &#8211; Subsolo 121<br \/>Rio de Janeiro &#8211; RJ &#8211; Brasil<\/p>\n\t\t<h4>Envie um e-mail<\/h4>\t\t\t\n\t\t\t\t<p>contato@endratech.com.br<\/p>\n\t\t<h4>Nuestros hor\u00e1rios<\/h4>\t\t\t\n\t\t\t\t<p>De lunes a Viernes<br \/>8:30am a 5:30pm<\/p>\n\t<iframe src=\"https:\/\/www.google.com\/maps\/embed\/v1\/place?q=Endratech+Engenharia&#038;key=AIzaSyD09zQ9PNDNNy9TadMuzRV_UsPUoWKntt8\" aria-hidden=\"true\"><\/iframe>","protected":false},"excerpt":{"rendered":"<p>CONTATO Ligue para n\u00f3s +55 (21) 2262-4493 +55 (21) 2262-1639 Fa\u00e7a uma visita Av. Atl\u00e2ntica, 4240 &#8211; Subsolo 121Rio de Janeiro &#8211; RJ &#8211; Brasil [&hellip;]<\/p>\n","protected":false},"author":3,"featured_media":0,"parent":0,"menu_order":0,"comment_status":"closed","ping_status":"closed","template":"","meta":{"site-sidebar-layout":"no-sidebar","site-content-layout":"page-builder","ast-site-content-layout":"full-width-container","site-content-style":"unboxed","site-sidebar-style":"unboxed","ast-global-header-display":"","ast-banner-title-visibility":"","ast-main-header-display":"","ast-hfb-above-header-display":"","ast-hfb-below-header-display":"","ast-hfb-mobile-header-display":"","site-post-title":"disabled","ast-breadcrumbs-content":"","ast-featured-img":"disabled","footer-sml-layout":"","ast-disable-related-posts":"","theme-transparent-header-meta":"","adv-header-id-meta":"","stick-header-meta":"","header-above-stick-meta":"","header-main-stick-meta":"","header-below-stick-meta":"","astra-migrate-meta-layouts":"set","ast-page-background-enabled":"default","ast-page-background-meta":{"desktop":{"background-color":"","background-image":"","background-repeat":"repeat","background-position":"center center","background-size":"auto","background-attachment":"scroll","background-type":"","background-media":"","overlay-type":"","overlay-color":"","overlay-opacity":"","overlay-gradient":""},"tablet":{"background-color":"","background-image":"","background-repeat":"repeat","background-position":"center center","background-size":"auto","background-attachment":"scroll","background-type":"","background-media":"","overlay-type":"","overlay-color":"","overlay-opacity":"","overlay-gradient":""},"mobile":{"background-color":"","background-image":"","background-repeat":"repeat","background-position":"center center","background-size":"auto","background-attachment":"scroll","background-type":"","background-media":"","overlay-type":"","overlay-color":"","overlay-opacity":"","overlay-gradient":""}},"ast-content-background-meta":{"desktop":{"background-color":"var(--ast-global-color-5)","background-image":"","background-repeat":"repeat","background-position":"center center","background-size":"auto","background-attachment":"scroll","background-type":"","background-media":"","overlay-type":"","overlay-color":"","overlay-opacity":"","overlay-gradient":""},"tablet":{"background-color":"var(--ast-global-color-5)","background-image":"","background-repeat":"repeat","background-position":"center center","background-size":"auto","background-attachment":"scroll","background-type":"","background-media":"","overlay-type":"","overlay-color":"","overlay-opacity":"","overlay-gradient":""},"mobile":{"background-color":"var(--ast-global-color-5)","background-image":"","background-repeat":"repeat","background-position":"center center","background-size":"auto","background-attachment":"scroll","background-type":"","background-media":"","overlay-type":"","overlay-color":"","overlay-opacity":"","overlay-gradient":""}},"footnotes":""},"class_list":["post-73","page","type-page","status-publish","hentry"],"_links":{"self":[{"href":"https:\/\/www.endratech.com.br\/es\/wp-json\/wp\/v2\/pages\/73","targetHints":{"allow":["GET"]}}],"collection":[{"href":"https:\/\/www.endratech.com.br\/es\/wp-json\/wp\/v2\/pages"}],"about":[{"href":"https:\/\/www.endratech.com.br\/es\/wp-json\/wp\/v2\/types\/page"}],"author":[{"embeddable":true,"href":"https:\/\/www.endratech.com.br\/es\/wp-json\/wp\/v2\/users\/3"}],"replies":[{"embeddable":true,"href":"https:\/\/www.endratech.com.br\/es\/wp-json\/wp\/v2\/comments?post=73"}],"version-history":[{"count":1,"href":"https:\/\/www.endratech.com.br\/es\/wp-json\/wp\/v2\/pages\/73\/revisions"}],"predecessor-version":[{"id":1953,"href":"https:\/\/www.endratech.com.br\/es\/wp-json\/wp\/v2\/pages\/73\/revisions\/1953"}],"wp:attachment":[{"href":"https:\/\/www.endratech.com.br\/es\/wp-json\/wp\/v2\/media?parent=73"}],"curies":[{"name":"wp","href":"https:\/\/api.w.org\/{rel}","templated":true}]}}