{"id":1665,"date":"2024-06-25T12:23:45","date_gmt":"2024-06-25T15:23:45","guid":{"rendered":"http:\/\/8.matheussistema.tmp.k8.com.br\/?page_id=1665"},"modified":"2024-07-29T16:45:37","modified_gmt":"2024-07-29T19:45:37","slug":"construcao-offshore-e-naval","status":"publish","type":"page","link":"https:\/\/www.endratech.com.br\/es\/construcao-offshore-e-naval\/","title":{"rendered":"Construcci\u00f3n Offshore y Naval"},"content":{"rendered":"<h1>\n\t\t\t\tCONSTRUCCI\u00d3N OFFSHORE Y NAVAL\n\t\t\t<\/h1>\n\t\t\t\t<img decoding=\"async\" src=\"https:\/\/www.endratech.com.br\/wp-content\/uploads\/2024\/06\/arcelor-mittal-interna.webp\" alt=\"arcelor-mittal-interna\" title=\"arcelor-mittal-interna\" itemprop=\"image\"\/>\n\t\t<h3>Construcci\u00f3n Offshore y Naval<\/h3>\n\t\t\t\t<p>ArcelorMittal Energy Projects tiene una amplia y profunda comprensi\u00f3n y experiencia en proyectos de petr\u00f3leo y gas, tanto en la construcci\u00f3n naval como offshore, proporcionando as\u00ed paquetes de acero estructural completos y personalizados.<\/p>\n<p><strong>Nuestros principals produtos son:<\/strong><br \/>\u25cf Placas gruesas para construcci\u00f3n naval;<br \/>\u25cf Perfiles;<br \/>\u25cf Perfiles bulbo;<br \/>\u25cf Barras planas;<br \/>\u25cf Secciones.<\/p>\n<p><strong>Aplicaciones:<\/strong><br \/>\u25cf Plataformas;<br \/>\u25cf FPSO&#8217;s;<br \/>\u25cf Jaquetas;<br \/>\u25cf Buques offshore.<\/p>\n\t\t\t\t<img loading=\"lazy\" decoding=\"async\" src=\"https:\/\/www.endratech.com.br\/wp-content\/uploads\/2024\/06\/offshore-chapa-naval.jpg\" alt=\"offshore-chapa-naval\" itemprop=\"image\" height=\"400\" width=\"600\" title=\"offshore-chapa-naval\" onerror=\"this.style.display='none'\"  \/>\n\t\t\t\t<a\n\t\t\thref=\"https:\/\/www.endratech.com.br\/wp-content\/uploads\/2024\/07\/construcao-naval-offshore1.jpg\"\n\t\t\t\t\t\tdata-fancybox=\"images\" \n\t\t\ttitle=\"construcao-naval-offshore1\" \n\t\t\t\t\t\tdata-description=\"\" \n\t\t\titemprop=\"contentUrl\">\n\t\t\t<img loading=\"lazy\" decoding=\"async\" src=\"https:\/\/www.endratech.com.br\/wp-content\/uploads\/2024\/07\/construcao-naval-offshore1-150x150.jpg\" alt=\"\" data-no-lazy=\"1\" itemprop=\"thumbnail\" width=\"150\" height=\"150\" \/>\n\t\t\t<!-- Overlay Wrapper -->\n\t\t\t <!-- Overlay Wrapper Closed -->\n\t\t\t\t<\/a>\n\t\t\t\t\t\t\t<meta itemprop=\"width\" content=\"150\" \/>\n\t\t\t<meta itemprop=\"height\" content=\"150\" \/>\n\t\t\t\t<a\n\t\t\thref=\"https:\/\/www.endratech.com.br\/wp-content\/uploads\/2024\/07\/construcao-naval-offshore2.jpg\"\n\t\t\t\t\t\tdata-fancybox=\"images\" \n\t\t\ttitle=\"construcao-naval-offshore2\" \n\t\t\t\t\t\tdata-description=\"\" \n\t\t\titemprop=\"contentUrl\">\n\t\t\t<img loading=\"lazy\" decoding=\"async\" src=\"https:\/\/www.endratech.com.br\/wp-content\/uploads\/2024\/07\/construcao-naval-offshore2-150x150.jpg\" alt=\"\" data-no-lazy=\"1\" itemprop=\"thumbnail\" width=\"150\" height=\"150\" \/>\n\t\t\t<!-- Overlay Wrapper -->\n\t\t\t <!-- Overlay Wrapper Closed -->\n\t\t\t\t<\/a>\n\t\t\t\t\t\t\t<meta itemprop=\"width\" content=\"150\" \/>\n\t\t\t<meta itemprop=\"height\" content=\"150\" \/>\n\t\t\t\t<a\n\t\t\thref=\"https:\/\/www.endratech.com.br\/wp-content\/uploads\/2024\/07\/construcao-naval-offshore3.jpg\"\n\t\t\t\t\t\tdata-fancybox=\"images\" \n\t\t\ttitle=\"construcao-naval-offshore3\" \n\t\t\t\t\t\tdata-description=\"\" \n\t\t\titemprop=\"contentUrl\">\n\t\t\t<img loading=\"lazy\" decoding=\"async\" src=\"https:\/\/www.endratech.com.br\/wp-content\/uploads\/2024\/07\/construcao-naval-offshore3-150x150.jpg\" alt=\"\" data-no-lazy=\"1\" itemprop=\"thumbnail\" width=\"150\" height=\"150\" \/>\n\t\t\t<!-- Overlay Wrapper -->\n\t\t\t <!-- Overlay Wrapper Closed -->\n\t\t\t\t<\/a>\n\t\t\t\t\t\t\t<meta itemprop=\"width\" content=\"150\" \/>\n\t\t\t<meta itemprop=\"height\" content=\"150\" \/>\n\t\t\t\t<a\n\t\t\thref=\"https:\/\/www.endratech.com.br\/wp-content\/uploads\/2024\/07\/construcao-naval-offshore4.jpg\"\n\t\t\t\t\t\tdata-fancybox=\"images\" \n\t\t\ttitle=\"construcao-naval-offshore4\" \n\t\t\t\t\t\tdata-description=\"\" \n\t\t\titemprop=\"contentUrl\">\n\t\t\t<img loading=\"lazy\" decoding=\"async\" src=\"https:\/\/www.endratech.com.br\/wp-content\/uploads\/2024\/07\/construcao-naval-offshore4-150x150.jpg\" alt=\"\" data-no-lazy=\"1\" itemprop=\"thumbnail\" width=\"150\" height=\"150\" \/>\n\t\t\t<!-- Overlay Wrapper -->\n\t\t\t <!-- Overlay Wrapper Closed -->\n\t\t\t\t<\/a>\n\t\t\t\t\t\t\t<meta itemprop=\"width\" content=\"150\" \/>\n\t\t\t<meta itemprop=\"height\" content=\"150\" \/>\n\t\t\t\t<a\n\t\t\thref=\"https:\/\/www.endratech.com.br\/wp-content\/uploads\/2024\/06\/offshore-tubos.jpg\"\n\t\t\t\t\t\tdata-fancybox=\"images\" \n\t\t\ttitle=\"offshore-tubos\" \n\t\t\t\t\t\tdata-description=\"\" \n\t\t\titemprop=\"contentUrl\">\n\t\t\t<img loading=\"lazy\" decoding=\"async\" src=\"https:\/\/www.endratech.com.br\/wp-content\/uploads\/2024\/06\/offshore-tubos-150x150.jpg\" alt=\"\" data-no-lazy=\"1\" itemprop=\"thumbnail\" width=\"150\" height=\"150\" \/>\n\t\t\t<!-- Overlay Wrapper -->\n\t\t\t <!-- Overlay Wrapper Closed -->\n\t\t\t\t<\/a>\n\t\t\t\t\t\t\t<meta itemprop=\"width\" content=\"150\" \/>\n\t\t\t<meta itemprop=\"height\" content=\"150\" \/>\n\t\t\t\t<a\n\t\t\thref=\"https:\/\/www.endratech.com.br\/wp-content\/uploads\/2024\/06\/offshore-chapa-naval.jpg\"\n\t\t\t\t\t\tdata-fancybox=\"images\" \n\t\t\ttitle=\"offshore-chapa-naval\" \n\t\t\t\t\t\tdata-description=\"\" \n\t\t\titemprop=\"contentUrl\">\n\t\t\t<img loading=\"lazy\" decoding=\"async\" src=\"https:\/\/www.endratech.com.br\/wp-content\/uploads\/2024\/06\/offshore-chapa-naval-150x150.jpg\" alt=\"\" data-no-lazy=\"1\" itemprop=\"thumbnail\" width=\"150\" height=\"150\" \/>\n\t\t\t<!-- Overlay Wrapper -->\n\t\t\t <!-- Overlay Wrapper Closed -->\n\t\t\t\t<\/a>\n\t\t\t\t\t\t\t<meta itemprop=\"width\" content=\"150\" \/>\n\t\t\t<meta itemprop=\"height\" content=\"150\" \/>\n\t\t\t\t<a\n\t\t\thref=\"https:\/\/www.endratech.com.br\/wp-content\/uploads\/2024\/06\/offshore-peril-bulbo.jpg\"\n\t\t\t\t\t\tdata-fancybox=\"images\" \n\t\t\ttitle=\"offshore-peril-bulbo\" \n\t\t\t\t\t\tdata-description=\"\" \n\t\t\titemprop=\"contentUrl\">\n\t\t\t<img loading=\"lazy\" decoding=\"async\" src=\"https:\/\/www.endratech.com.br\/wp-content\/uploads\/2024\/06\/offshore-peril-bulbo-150x150.jpg\" alt=\"\" data-no-lazy=\"1\" itemprop=\"thumbnail\" width=\"150\" height=\"150\" \/>\n\t\t\t<!-- Overlay Wrapper -->\n\t\t\t <!-- Overlay Wrapper Closed -->\n\t\t\t\t<\/a>\n\t\t\t\t\t\t\t<meta itemprop=\"width\" content=\"150\" \/>\n\t\t\t<meta itemprop=\"height\" content=\"150\" \/>\n\t<h2>\n\t\t\t\tHable con nosotros\n\t\t\t<\/h2>\n\t<a href=\"https:\/\/www.google.com\/maps\/place\/Endratech+Engenharia+e+Equipamentos+de+Dragagem+Ltda\/@-22.9862191,-43.1896748,15z\/data=!4m6!3m5!1s0x9bd53c9a6a37d7:0xb6610dffc7b4c2e6!8m2!3d-22.9862191!4d-43.1896748!16s%2Fg%2F1ptvrxnyx?entry=ttu\" target=\"_blank\" rel=\"noopener\" aria-label=\"Go to https:\/\/www.google.com\/maps\/place\/Endratech+Engenharia+e+Equipamentos+de+Dragagem+Ltda\/@-22.9862191,-43.1896748,15z\/data=!4m6!3m5!1s0x9bd53c9a6a37d7:0xb6610dffc7b4c2e6!8m2!3d-22.9862191!4d-43.1896748!16s%2Fg%2F1ptvrxnyx?entry=ttu\"><\/a>\n\t\t<h3>Donde estamos<\/h3>\t\t\t\n\t\t\t\t<p>Av. Atl\u00e2ntica, 4.240 &#8211; Subsolo 121<br \/>Rio de Janeiro &#8211; RJ &#8211; Brasil<\/p>\n\t<a href=\"mailto:contato@endratech.com.br\" target=\"_blank\" rel=\"noopener\" aria-label=\"Go to mailto:contato@endratech.com.br\"><\/a>\n\t\t<h3>Email<\/h3>\t\t\t\n\t\t\t\t<p>contato@endratech.com.br<\/p>\n\t\t<h3>Tel\u00e9fonos<\/h3>\t\t\t\n\t\t\t\t<p><a href=\"tel:+552122624493\">+55 (21) 2262-4493<\/a> <br \/><a href=\"tel:+552122621639\">+55 (21) 2262-1639<\/a><\/p>","protected":false},"excerpt":{"rendered":"<p>CONSTRU\u00c7\u00c3O OFFSHORE E NAVAL Constru\u00e7\u00e3o Offshore e Naval A ArcelorMittal Energy Projects tem uma ampla e profunda compreens\u00e3o e experi\u00eancia em projetos de petr\u00f3leo e [&hellip;]<\/p>\n","protected":false},"author":3,"featured_media":0,"parent":0,"menu_order":0,"comment_status":"closed","ping_status":"closed","template":"","meta":{"site-sidebar-layout":"no-sidebar","site-content-layout":"page-builder","ast-site-content-layout":"full-width-container","site-content-style":"unboxed","site-sidebar-style":"unboxed","ast-global-header-display":"","ast-banner-title-visibility":"","ast-main-header-display":"","ast-hfb-above-header-display":"","ast-hfb-below-header-display":"","ast-hfb-mobile-header-display":"","site-post-title":"disabled","ast-breadcrumbs-content":"","ast-featured-img":"disabled","footer-sml-layout":"","ast-disable-related-posts":"","theme-transparent-header-meta":"","adv-header-id-meta":"","stick-header-meta":"","header-above-stick-meta":"","header-main-stick-meta":"","header-below-stick-meta":"","astra-migrate-meta-layouts":"set","ast-page-background-enabled":"default","ast-page-background-meta":{"desktop":{"background-color":"","background-image":"","background-repeat":"repeat","background-position":"center center","background-size":"auto","background-attachment":"scroll","background-type":"","background-media":"","overlay-type":"","overlay-color":"","overlay-opacity":"","overlay-gradient":""},"tablet":{"background-color":"","background-image":"","background-repeat":"repeat","background-position":"center center","background-size":"auto","background-attachment":"scroll","background-type":"","background-media":"","overlay-type":"","overlay-color":"","overlay-opacity":"","overlay-gradient":""},"mobile":{"background-color":"","background-image":"","background-repeat":"repeat","background-position":"center center","background-size":"auto","background-attachment":"scroll","background-type":"","background-media":"","overlay-type":"","overlay-color":"","overlay-opacity":"","overlay-gradient":""}},"ast-content-background-meta":{"desktop":{"background-color":"var(--ast-global-color-5)","background-image":"","background-repeat":"repeat","background-position":"center center","background-size":"auto","background-attachment":"scroll","background-type":"","background-media":"","overlay-type":"","overlay-color":"","overlay-opacity":"","overlay-gradient":""},"tablet":{"background-color":"var(--ast-global-color-5)","background-image":"","background-repeat":"repeat","background-position":"center center","background-size":"auto","background-attachment":"scroll","background-type":"","background-media":"","overlay-type":"","overlay-color":"","overlay-opacity":"","overlay-gradient":""},"mobile":{"background-color":"var(--ast-global-color-5)","background-image":"","background-repeat":"repeat","background-position":"center center","background-size":"auto","background-attachment":"scroll","background-type":"","background-media":"","overlay-type":"","overlay-color":"","overlay-opacity":"","overlay-gradient":""}},"footnotes":""},"class_list":["post-1665","page","type-page","status-publish","hentry"],"_links":{"self":[{"href":"https:\/\/www.endratech.com.br\/es\/wp-json\/wp\/v2\/pages\/1665","targetHints":{"allow":["GET"]}}],"collection":[{"href":"https:\/\/www.endratech.com.br\/es\/wp-json\/wp\/v2\/pages"}],"about":[{"href":"https:\/\/www.endratech.com.br\/es\/wp-json\/wp\/v2\/types\/page"}],"author":[{"embeddable":true,"href":"https:\/\/www.endratech.com.br\/es\/wp-json\/wp\/v2\/users\/3"}],"replies":[{"embeddable":true,"href":"https:\/\/www.endratech.com.br\/es\/wp-json\/wp\/v2\/comments?post=1665"}],"version-history":[{"count":1,"href":"https:\/\/www.endratech.com.br\/es\/wp-json\/wp\/v2\/pages\/1665\/revisions"}],"predecessor-version":[{"id":1983,"href":"https:\/\/www.endratech.com.br\/es\/wp-json\/wp\/v2\/pages\/1665\/revisions\/1983"}],"wp:attachment":[{"href":"https:\/\/www.endratech.com.br\/es\/wp-json\/wp\/v2\/media?parent=1665"}],"curies":[{"name":"wp","href":"https:\/\/api.w.org\/{rel}","templated":true}]}}