{"id":1658,"date":"2024-06-25T12:11:07","date_gmt":"2024-06-25T15:11:07","guid":{"rendered":"http:\/\/8.matheussistema.tmp.k8.com.br\/?page_id=1658"},"modified":"2024-07-29T16:37:30","modified_gmt":"2024-07-29T19:37:30","slug":"embarcacoes-de-apoio-e-equipamentos-navais-e-offshore","status":"publish","type":"page","link":"https:\/\/www.endratech.com.br\/es\/embarcacoes-de-apoio-e-equipamentos-navais-e-offshore\/","title":{"rendered":"Embarcaciones de apoyo y Equipos Navales y Offshore"},"content":{"rendered":"<h1>\n\t\t\t\tEMBARCACIONES DE APOYO Y EQUIPOS NAVALES Y OFFSHORE\n\t\t\t<\/h1>\n\t\t\t\t<img decoding=\"async\" src=\"https:\/\/www.endratech.com.br\/wp-content\/uploads\/2024\/06\/van-leusden-interna.webp\" alt=\"van-leusden-interna\" title=\"van-leusden-interna\" itemprop=\"image\"\/>\n\t\t<h3>Polipastos y Troles Especiales<\/h3>\n\t\t\t\t<p>Van Leusden es un fabricante especializado en puentes gr\u00faa, polipastos y troles para izado de cargas aplicados a la construcci\u00f3n naval y offshore. Todos los equipos pueden suministrarse para operar en \u00e1reas con riesgo de explosi\u00f3n, cumpliendo con las normas ATEX.<\/p>\n\t\t\t\t<img loading=\"lazy\" decoding=\"async\" src=\"https:\/\/www.endratech.com.br\/wp-content\/uploads\/2024\/06\/projetos-navais-troley.jpg\" alt=\"projetos-navais-troley\" itemprop=\"image\" height=\"280\" width=\"263\" title=\"projetos-navais-troley\" onerror=\"this.style.display='none'\"  \/>\n\t\t\t\t<img loading=\"lazy\" decoding=\"async\" src=\"https:\/\/www.endratech.com.br\/wp-content\/uploads\/2024\/07\/embarcacao-de-apoio2.jpg\" alt=\"embarcacao-de-apoio2\" itemprop=\"image\" height=\"400\" width=\"600\" title=\"embarcacao-de-apoio2\" onerror=\"this.style.display='none'\"  \/>\n\t\t\t\t<a\n\t\t\thref=\"https:\/\/www.endratech.com.br\/wp-content\/uploads\/2024\/07\/embarcacao-de-apoio3.jpg\"\n\t\t\t\t\t\tdata-fancybox=\"images\" \n\t\t\ttitle=\"embarcacao-de-apoio3\" \n\t\t\t\t\t\tdata-description=\"\" \n\t\t\titemprop=\"contentUrl\">\n\t\t\t<img loading=\"lazy\" decoding=\"async\" src=\"https:\/\/www.endratech.com.br\/wp-content\/uploads\/2024\/07\/embarcacao-de-apoio3.jpg\" alt=\"\" data-no-lazy=\"1\" itemprop=\"thumbnail\" width=\"600\" height=\"400\" \/>\n\t\t\t<!-- Overlay Wrapper -->\n\t\t\t <!-- Overlay Wrapper Closed -->\n\t\t\t\t<\/a>\n\t\t\t\t\t\t\t<meta itemprop=\"width\" content=\"600\" \/>\n\t\t\t<meta itemprop=\"height\" content=\"400\" \/>\n\t\t\t\t<a\n\t\t\thref=\"https:\/\/www.endratech.com.br\/wp-content\/uploads\/2024\/07\/embarcacao-de-apoio2.jpg\"\n\t\t\t\t\t\tdata-fancybox=\"images\" \n\t\t\ttitle=\"embarcacao-de-apoio2\" \n\t\t\t\t\t\tdata-description=\"\" \n\t\t\titemprop=\"contentUrl\">\n\t\t\t<img loading=\"lazy\" decoding=\"async\" src=\"https:\/\/www.endratech.com.br\/wp-content\/uploads\/2024\/07\/embarcacao-de-apoio2.jpg\" alt=\"\" data-no-lazy=\"1\" itemprop=\"thumbnail\" width=\"600\" height=\"400\" \/>\n\t\t\t<!-- Overlay Wrapper -->\n\t\t\t <!-- Overlay Wrapper Closed -->\n\t\t\t\t<\/a>\n\t\t\t\t\t\t\t<meta itemprop=\"width\" content=\"600\" \/>\n\t\t\t<meta itemprop=\"height\" content=\"400\" \/>\n\t\t\t\t<a\n\t\t\thref=\"https:\/\/www.endratech.com.br\/wp-content\/uploads\/2024\/07\/embarcacao-de-apoio1.jpg\"\n\t\t\t\t\t\tdata-fancybox=\"images\" \n\t\t\ttitle=\"embarcacao-de-apoio1\" \n\t\t\t\t\t\tdata-description=\"\" \n\t\t\titemprop=\"contentUrl\">\n\t\t\t<img loading=\"lazy\" decoding=\"async\" src=\"https:\/\/www.endratech.com.br\/wp-content\/uploads\/2024\/07\/embarcacao-de-apoio1.jpg\" alt=\"\" data-no-lazy=\"1\" itemprop=\"thumbnail\" width=\"600\" height=\"400\" \/>\n\t\t\t<!-- Overlay Wrapper -->\n\t\t\t <!-- Overlay Wrapper Closed -->\n\t\t\t\t<\/a>\n\t\t\t\t\t\t\t<meta itemprop=\"width\" content=\"600\" \/>\n\t\t\t<meta itemprop=\"height\" content=\"400\" \/>\n\t\t\t\t<img decoding=\"async\" src=\"https:\/\/www.endratech.com.br\/wp-content\/uploads\/2024\/06\/logo-endratech-oficial.jpg\" alt=\"logo-endratech-oficial\" title=\"logo-endratech-oficial\" itemprop=\"image\"\/>\n\t\t<h3>Embarcaciones de Apoyo a las Operaciones de Dragado<\/h3>\n\t\t\t\t<p>La embarcaci\u00f3n de apoyo es una embarcaci\u00f3n compacta de m\u00faltiples funciones, desarrollada para optimizar la operaci\u00f3n de apoyo al dragado. Debido a sus dimensiones, es posible transportarla por carretera en solo una plataforma.<br \/>La embarcaci\u00f3n est\u00e1 equipada con una gr\u00faa hidr\u00e1ulica y un cabrestante de cubierta, cabina, sistema de propulsi\u00f3n MCP (motor de combusti\u00f3n principal), sistema de tim\u00f3n con accionamiento hidr\u00e1ulico mediante tim\u00f3n, dep\u00f3sito de gas\u00f3leo con capacidad de 1000L para autonom\u00eda de la embarcaci\u00f3n y un dep\u00f3sito de 4000L de gas\u00f3leo para abastecimiento y equipos de salvamento.<\/p>\n<p><strong>Principales aplicaciones:<\/strong><br \/>\u25cf Desplazamiento de la draga;<br \/>\u25cf Movimiento de anclas;<br \/>\u25cf Transporte de piezas;<br \/>\u25cf Transporte de tripulaci\u00f3n;<br \/>\u25cf Maniobra de tuber\u00eda;<br \/>\u25cf Abastecimiento de combustible;<br \/>\u25cf Apoyo a la reparaci\u00f3n y cambio del desaglomerador.<\/p>\n\t<h2>\n\t\t\t\tHable con nosotros\n\t\t\t<\/h2>\n\t<a href=\"https:\/\/www.google.com\/maps\/place\/Endratech+Engenharia+e+Equipamentos+de+Dragagem+Ltda\/@-22.9862191,-43.1896748,15z\/data=!4m6!3m5!1s0x9bd53c9a6a37d7:0xb6610dffc7b4c2e6!8m2!3d-22.9862191!4d-43.1896748!16s%2Fg%2F1ptvrxnyx?entry=ttu\" target=\"_blank\" rel=\"noopener\" aria-label=\"Go to https:\/\/www.google.com\/maps\/place\/Endratech+Engenharia+e+Equipamentos+de+Dragagem+Ltda\/@-22.9862191,-43.1896748,15z\/data=!4m6!3m5!1s0x9bd53c9a6a37d7:0xb6610dffc7b4c2e6!8m2!3d-22.9862191!4d-43.1896748!16s%2Fg%2F1ptvrxnyx?entry=ttu\"><\/a>\n\t\t<h3>Donde estamos<\/h3>\t\t\t\n\t\t\t\t<p>Av. Atl\u00e2ntica, 4.240 &#8211; Subsolo 121<br \/>Rio de Janeiro &#8211; RJ &#8211; Brasil<\/p>\n\t<a href=\"mailto:contato@endratech.com.br\" target=\"_blank\" rel=\"noopener\" aria-label=\"Go to mailto:contato@endratech.com.br\"><\/a>\n\t\t<h3>Email<\/h3>\t\t\t\n\t\t\t\t<p>contato@endratech.com.br<\/p>\n\t\t<h3>Tel\u00e9fonos<\/h3>\t\t\t\n\t\t\t\t<p><a href=\"tel:+552122624493\">+55 (21) 2262-4493<\/a> <br \/><a href=\"tel:+552122621639\">+55 (21) 2262-1639<\/a><\/p>","protected":false},"excerpt":{"rendered":"<p>Embarca\u00e7\u00f5es de apoio e equipamentos navais e offshore Talhas e Troleys Especiais A Van Leusden \u00e9 fabricante especializado em pontes rolantes, talhas e troles para [&hellip;]<\/p>\n","protected":false},"author":3,"featured_media":0,"parent":0,"menu_order":0,"comment_status":"closed","ping_status":"closed","template":"","meta":{"site-sidebar-layout":"no-sidebar","site-content-layout":"page-builder","ast-site-content-layout":"full-width-container","site-content-style":"unboxed","site-sidebar-style":"unboxed","ast-global-header-display":"","ast-banner-title-visibility":"","ast-main-header-display":"","ast-hfb-above-header-display":"","ast-hfb-below-header-display":"","ast-hfb-mobile-header-display":"","site-post-title":"disabled","ast-breadcrumbs-content":"","ast-featured-img":"disabled","footer-sml-layout":"","ast-disable-related-posts":"","theme-transparent-header-meta":"","adv-header-id-meta":"","stick-header-meta":"","header-above-stick-meta":"","header-main-stick-meta":"","header-below-stick-meta":"","astra-migrate-meta-layouts":"set","ast-page-background-enabled":"default","ast-page-background-meta":{"desktop":{"background-color":"","background-image":"","background-repeat":"repeat","background-position":"center center","background-size":"auto","background-attachment":"scroll","background-type":"","background-media":"","overlay-type":"","overlay-color":"","overlay-opacity":"","overlay-gradient":""},"tablet":{"background-color":"","background-image":"","background-repeat":"repeat","background-position":"center center","background-size":"auto","background-attachment":"scroll","background-type":"","background-media":"","overlay-type":"","overlay-color":"","overlay-opacity":"","overlay-gradient":""},"mobile":{"background-color":"","background-image":"","background-repeat":"repeat","background-position":"center center","background-size":"auto","background-attachment":"scroll","background-type":"","background-media":"","overlay-type":"","overlay-color":"","overlay-opacity":"","overlay-gradient":""}},"ast-content-background-meta":{"desktop":{"background-color":"var(--ast-global-color-5)","background-image":"","background-repeat":"repeat","background-position":"center center","background-size":"auto","background-attachment":"scroll","background-type":"","background-media":"","overlay-type":"","overlay-color":"","overlay-opacity":"","overlay-gradient":""},"tablet":{"background-color":"var(--ast-global-color-5)","background-image":"","background-repeat":"repeat","background-position":"center center","background-size":"auto","background-attachment":"scroll","background-type":"","background-media":"","overlay-type":"","overlay-color":"","overlay-opacity":"","overlay-gradient":""},"mobile":{"background-color":"var(--ast-global-color-5)","background-image":"","background-repeat":"repeat","background-position":"center center","background-size":"auto","background-attachment":"scroll","background-type":"","background-media":"","overlay-type":"","overlay-color":"","overlay-opacity":"","overlay-gradient":""}},"footnotes":""},"class_list":["post-1658","page","type-page","status-publish","hentry"],"_links":{"self":[{"href":"https:\/\/www.endratech.com.br\/es\/wp-json\/wp\/v2\/pages\/1658","targetHints":{"allow":["GET"]}}],"collection":[{"href":"https:\/\/www.endratech.com.br\/es\/wp-json\/wp\/v2\/pages"}],"about":[{"href":"https:\/\/www.endratech.com.br\/es\/wp-json\/wp\/v2\/types\/page"}],"author":[{"embeddable":true,"href":"https:\/\/www.endratech.com.br\/es\/wp-json\/wp\/v2\/users\/3"}],"replies":[{"embeddable":true,"href":"https:\/\/www.endratech.com.br\/es\/wp-json\/wp\/v2\/comments?post=1658"}],"version-history":[{"count":2,"href":"https:\/\/www.endratech.com.br\/es\/wp-json\/wp\/v2\/pages\/1658\/revisions"}],"predecessor-version":[{"id":1981,"href":"https:\/\/www.endratech.com.br\/es\/wp-json\/wp\/v2\/pages\/1658\/revisions\/1981"}],"wp:attachment":[{"href":"https:\/\/www.endratech.com.br\/es\/wp-json\/wp\/v2\/media?parent=1658"}],"curies":[{"name":"wp","href":"https:\/\/api.w.org\/{rel}","templated":true}]}}