{"id":1626,"date":"2024-06-24T17:41:33","date_gmt":"2024-06-24T20:41:33","guid":{"rendered":"http:\/\/8.matheussistema.tmp.k8.com.br\/?page_id=1626"},"modified":"2024-07-29T16:47:46","modified_gmt":"2024-07-29T19:47:46","slug":"acessorios-e-pecas","status":"publish","type":"page","link":"https:\/\/www.endratech.com.br\/es\/acessorios-e-pecas\/","title":{"rendered":"Accesorios y Piezas"},"content":{"rendered":"<h1>\n\t\t\t\tACCESORIOS Y PIEZAS PARA <br \/> DRAGADO Y FUNDACIONES\n\t\t\t<\/h1>\n\t\t\t\t<img decoding=\"async\" src=\"https:\/\/www.endratech.com.br\/wp-content\/uploads\/2024\/06\/logo-endratech-oficial.jpg\" alt=\"logo-endratech-oficial\" title=\"logo-endratech-oficial\" itemprop=\"image\"\/>\n\t\t<h3>Accesorios y Piezas para Dragado<\/h3>\n\t\t\t\t<p>Ofrecemos todo el soporte para la adquisici\u00f3n de piezas originales importadas ya nacionalizadas. Tenemos la opci\u00f3n de proporcionar piezas en diferentes materiales, o incluso proveedores y soluciones alternativas de alta calidad.\u00a0<\/p>\n<p>\u200b\u25cf\u00a0Pe\u00e7as fundidas resistentes ao desgaste;<br \/>\u25cf Juntas esf\u00e9ricas;<br \/>\u25cf Tuber\u00edas;<br \/>\u25cf Flotadores;<br \/>\u25cf Mangueras.<\/p>\n\t\t\t\t<img loading=\"lazy\" decoding=\"async\" src=\"https:\/\/www.endratech.com.br\/wp-content\/uploads\/2024\/07\/acessorio-dragas5.jpg\" alt=\"acessorio-dragas5\" itemprop=\"image\" height=\"440\" width=\"600\" title=\"acessorio-dragas5\" onerror=\"this.style.display='none'\"  \/>\n\t\t\t\t<a\n\t\t\thref=\"https:\/\/www.endratech.com.br\/wp-content\/uploads\/2024\/06\/acessorio-dragas1.jpg\"\n\t\t\t\t\t\tdata-fancybox=\"images\" \n\t\t\ttitle=\"acessorio-dragas1\" \n\t\t\t\t\t\tdata-description=\"\" \n\t\t\titemprop=\"contentUrl\">\n\t\t\t<img loading=\"lazy\" decoding=\"async\" src=\"https:\/\/www.endratech.com.br\/wp-content\/uploads\/2024\/06\/acessorio-dragas1-150x150.jpg\" alt=\"\" data-no-lazy=\"1\" itemprop=\"thumbnail\" width=\"150\" height=\"150\" \/>\n\t\t\t<!-- Overlay Wrapper -->\n\t\t\t <!-- Overlay Wrapper Closed -->\n\t\t\t\t<\/a>\n\t\t\t\t\t\t\t<meta itemprop=\"width\" content=\"150\" \/>\n\t\t\t<meta itemprop=\"height\" content=\"150\" \/>\n\t\t\t\t<a\n\t\t\thref=\"https:\/\/www.endratech.com.br\/wp-content\/uploads\/2024\/06\/acessorio-dragas2.jpg\"\n\t\t\t\t\t\tdata-fancybox=\"images\" \n\t\t\ttitle=\"acessorio-dragas2\" \n\t\t\t\t\t\tdata-description=\"\" \n\t\t\titemprop=\"contentUrl\">\n\t\t\t<img loading=\"lazy\" decoding=\"async\" src=\"https:\/\/www.endratech.com.br\/wp-content\/uploads\/2024\/06\/acessorio-dragas2-150x150.jpg\" alt=\"\" data-no-lazy=\"1\" itemprop=\"thumbnail\" width=\"150\" height=\"150\" \/>\n\t\t\t<!-- Overlay Wrapper -->\n\t\t\t <!-- Overlay Wrapper Closed -->\n\t\t\t\t<\/a>\n\t\t\t\t\t\t\t<meta itemprop=\"width\" content=\"150\" \/>\n\t\t\t<meta itemprop=\"height\" content=\"150\" \/>\n\t\t\t\t<a\n\t\t\thref=\"https:\/\/www.endratech.com.br\/wp-content\/uploads\/2024\/06\/acessorio-dragas3.jpg\"\n\t\t\t\t\t\tdata-fancybox=\"images\" \n\t\t\ttitle=\"acessorio-dragas3\" \n\t\t\t\t\t\tdata-description=\"\" \n\t\t\titemprop=\"contentUrl\">\n\t\t\t<img loading=\"lazy\" decoding=\"async\" src=\"https:\/\/www.endratech.com.br\/wp-content\/uploads\/2024\/06\/acessorio-dragas3-150x150.jpg\" alt=\"\" data-no-lazy=\"1\" itemprop=\"thumbnail\" width=\"150\" height=\"150\" \/>\n\t\t\t<!-- Overlay Wrapper -->\n\t\t\t <!-- Overlay Wrapper Closed -->\n\t\t\t\t<\/a>\n\t\t\t\t\t\t\t<meta itemprop=\"width\" content=\"150\" \/>\n\t\t\t<meta itemprop=\"height\" content=\"150\" \/>\n\t\t\t\t<a\n\t\t\thref=\"https:\/\/www.endratech.com.br\/wp-content\/uploads\/2024\/07\/acessorio-dragas4.jpg\"\n\t\t\t\t\t\tdata-fancybox=\"images\" \n\t\t\ttitle=\"acessorio-dragas4\" \n\t\t\t\t\t\tdata-description=\"\" \n\t\t\titemprop=\"contentUrl\">\n\t\t\t<img loading=\"lazy\" decoding=\"async\" src=\"https:\/\/www.endratech.com.br\/wp-content\/uploads\/2024\/07\/acessorio-dragas4-150x150.jpg\" alt=\"\" data-no-lazy=\"1\" itemprop=\"thumbnail\" width=\"150\" height=\"150\" \/>\n\t\t\t<!-- Overlay Wrapper -->\n\t\t\t <!-- Overlay Wrapper Closed -->\n\t\t\t\t<\/a>\n\t\t\t\t\t\t\t<meta itemprop=\"width\" content=\"150\" \/>\n\t\t\t<meta itemprop=\"height\" content=\"150\" \/>\n\t\t\t\t<a\n\t\t\thref=\"https:\/\/www.endratech.com.br\/wp-content\/uploads\/2024\/07\/acessorio-dragas5.jpg\"\n\t\t\t\t\t\tdata-fancybox=\"images\" \n\t\t\ttitle=\"acessorio-dragas5\" \n\t\t\t\t\t\tdata-description=\"\" \n\t\t\titemprop=\"contentUrl\">\n\t\t\t<img loading=\"lazy\" decoding=\"async\" src=\"https:\/\/www.endratech.com.br\/wp-content\/uploads\/2024\/07\/acessorio-dragas5-150x150.jpg\" alt=\"\" data-no-lazy=\"1\" itemprop=\"thumbnail\" width=\"150\" height=\"150\" \/>\n\t\t\t<!-- Overlay Wrapper -->\n\t\t\t <!-- Overlay Wrapper Closed -->\n\t\t\t\t<\/a>\n\t\t\t\t\t\t\t<meta itemprop=\"width\" content=\"150\" \/>\n\t\t\t<meta itemprop=\"height\" content=\"150\" \/>\n\t\t\t\t<a\n\t\t\thref=\"https:\/\/www.endratech.com.br\/wp-content\/uploads\/2024\/07\/acessorio-dragas6.jpg\"\n\t\t\t\t\t\tdata-fancybox=\"images\" \n\t\t\ttitle=\"acessorio-dragas6\" \n\t\t\t\t\t\tdata-description=\"\" \n\t\t\titemprop=\"contentUrl\">\n\t\t\t<img loading=\"lazy\" decoding=\"async\" src=\"https:\/\/www.endratech.com.br\/wp-content\/uploads\/2024\/07\/acessorio-dragas6-150x150.jpg\" alt=\"\" data-no-lazy=\"1\" itemprop=\"thumbnail\" width=\"150\" height=\"150\" \/>\n\t\t\t<!-- Overlay Wrapper -->\n\t\t\t <!-- Overlay Wrapper Closed -->\n\t\t\t\t<\/a>\n\t\t\t\t\t\t\t<meta itemprop=\"width\" content=\"150\" \/>\n\t\t\t<meta itemprop=\"height\" content=\"150\" \/>\n\t\t\t\t<a\n\t\t\thref=\"https:\/\/www.endratech.com.br\/wp-content\/uploads\/2024\/07\/acessorio-dragas-usipe2.jpg\"\n\t\t\t\t\t\tdata-fancybox=\"images\" \n\t\t\ttitle=\"acessorio-dragas-usipe2\" \n\t\t\t\t\t\tdata-description=\"\" \n\t\t\titemprop=\"contentUrl\">\n\t\t\t<img loading=\"lazy\" decoding=\"async\" src=\"https:\/\/www.endratech.com.br\/wp-content\/uploads\/2024\/07\/acessorio-dragas-usipe2-150x150.jpg\" alt=\"\" data-no-lazy=\"1\" itemprop=\"thumbnail\" width=\"150\" height=\"150\" \/>\n\t\t\t<!-- Overlay Wrapper -->\n\t\t\t <!-- Overlay Wrapper Closed -->\n\t\t\t\t<\/a>\n\t\t\t\t\t\t\t<meta itemprop=\"width\" content=\"150\" \/>\n\t\t\t<meta itemprop=\"height\" content=\"150\" \/>\n\t\t\t\t<a\n\t\t\thref=\"https:\/\/www.endratech.com.br\/wp-content\/uploads\/2024\/07\/acessorio-dragas-usipe3-768x1024.jpg\"\n\t\t\t\t\t\tdata-fancybox=\"images\" \n\t\t\ttitle=\"acessorio-dragas-usipe3\" \n\t\t\t\t\t\tdata-description=\"\" \n\t\t\titemprop=\"contentUrl\">\n\t\t\t<img loading=\"lazy\" decoding=\"async\" src=\"https:\/\/www.endratech.com.br\/wp-content\/uploads\/2024\/07\/acessorio-dragas-usipe3-150x150.jpg\" alt=\"\" data-no-lazy=\"1\" itemprop=\"thumbnail\" width=\"150\" height=\"150\" \/>\n\t\t\t<!-- Overlay Wrapper -->\n\t\t\t <!-- Overlay Wrapper Closed -->\n\t\t\t\t<\/a>\n\t\t\t\t\t\t\t<meta itemprop=\"width\" content=\"150\" \/>\n\t\t\t<meta itemprop=\"height\" content=\"150\" \/>\n\t\t\t\t<a\n\t\t\thref=\"https:\/\/www.endratech.com.br\/wp-content\/uploads\/2024\/07\/acessorio-dragas-usipe4-768x1024.jpg\"\n\t\t\t\t\t\tdata-fancybox=\"images\" \n\t\t\ttitle=\"acessorio-dragas-usipe4\" \n\t\t\t\t\t\tdata-description=\"\" \n\t\t\titemprop=\"contentUrl\">\n\t\t\t<img loading=\"lazy\" decoding=\"async\" src=\"https:\/\/www.endratech.com.br\/wp-content\/uploads\/2024\/07\/acessorio-dragas-usipe4-150x150.jpg\" alt=\"\" data-no-lazy=\"1\" itemprop=\"thumbnail\" width=\"150\" height=\"150\" \/>\n\t\t\t<!-- Overlay Wrapper -->\n\t\t\t <!-- Overlay Wrapper Closed -->\n\t\t\t\t<\/a>\n\t\t\t\t\t\t\t<meta itemprop=\"width\" content=\"150\" \/>\n\t\t\t<meta itemprop=\"height\" content=\"150\" \/>\n\t\t\t\t<img loading=\"lazy\" decoding=\"async\" src=\"https:\/\/www.endratech.com.br\/wp-content\/uploads\/2024\/07\/equipamentos-fundacao-8.jpg\" alt=\"equipamentos-fundacao-8\" itemprop=\"image\" height=\"472\" width=\"579\" title=\"equipamentos-fundacao-8\" onerror=\"this.style.display='none'\"  \/>\n\t\t\t\t<a\n\t\t\thref=\"https:\/\/www.endratech.com.br\/wp-content\/uploads\/2024\/07\/equipamentos-fundacao-8.jpg\"\n\t\t\t\t\t\tdata-fancybox=\"images\" \n\t\t\ttitle=\"equipamentos-fundacao-8\" \n\t\t\t\t\t\tdata-description=\"\" \n\t\t\titemprop=\"contentUrl\">\n\t\t\t<img loading=\"lazy\" decoding=\"async\" src=\"https:\/\/www.endratech.com.br\/wp-content\/uploads\/2024\/07\/equipamentos-fundacao-8-150x150.jpg\" alt=\"\" data-no-lazy=\"1\" itemprop=\"thumbnail\" width=\"150\" height=\"150\" \/>\n\t\t\t<!-- Overlay Wrapper -->\n\t\t\t <!-- Overlay Wrapper Closed -->\n\t\t\t\t<\/a>\n\t\t\t\t\t\t\t<meta itemprop=\"width\" content=\"150\" \/>\n\t\t\t<meta itemprop=\"height\" content=\"150\" \/>\n\t\t\t\t<a\n\t\t\thref=\"https:\/\/www.endratech.com.br\/wp-content\/uploads\/2024\/07\/acessorio-fundacao.png\"\n\t\t\t\t\t\tdata-fancybox=\"images\" \n\t\t\ttitle=\"acessorio-fundacao\" \n\t\t\t\t\t\tdata-description=\"\" \n\t\t\titemprop=\"contentUrl\">\n\t\t\t<img loading=\"lazy\" decoding=\"async\" src=\"https:\/\/www.endratech.com.br\/wp-content\/uploads\/2024\/07\/acessorio-fundacao-150x146.png\" alt=\"\" data-no-lazy=\"1\" itemprop=\"thumbnail\" width=\"150\" height=\"146\" \/>\n\t\t\t<!-- Overlay Wrapper -->\n\t\t\t <!-- Overlay Wrapper Closed -->\n\t\t\t\t<\/a>\n\t\t\t\t\t\t\t<meta itemprop=\"width\" content=\"150\" \/>\n\t\t\t<meta itemprop=\"height\" content=\"146\" \/>\n\t\t\t\t<img decoding=\"async\" src=\"https:\/\/www.endratech.com.br\/wp-content\/uploads\/2024\/06\/houston-interna.jpg\" alt=\"houston-interna\" title=\"houston-interna\" itemprop=\"image\"\/>\n\t\t<h3>Accesorios y Piezas de M\u00e1quinas para Fundaci\u00f3n<\/h3>\n\t\t\t\t<p>Nuestros productos incluyen barras kelly, cubos de perforaci\u00f3n, brocas y dientes de perforaci\u00f3n, revestimientos, tubos tremie, desarenadores, etc.cualificados com a\u00f1os de experiencia e ningenier\u00eda de perforaci\u00f3n, fundaciones y proyectos de construcci\u00f3n.<\/p>\n<p>Estos productos ya se utilizan en muchos pa\u00edses y regiones como EE.UU., Canad\u00e1, Jap\u00f3n, Singapur, Grecia, Turqu\u00eda, Oriente Medio, M\u00e9xico, Reino Unido, Vietnam, etc.<\/p>\n\t<h2>\n\t\t\t\tHable con nosotros\n\t\t\t<\/h2>\n\t<a href=\"https:\/\/www.google.com\/maps\/place\/Endratech+Engenharia+e+Equipamentos+de+Dragagem+Ltda\/@-22.9862191,-43.1896748,15z\/data=!4m6!3m5!1s0x9bd53c9a6a37d7:0xb6610dffc7b4c2e6!8m2!3d-22.9862191!4d-43.1896748!16s%2Fg%2F1ptvrxnyx?entry=ttu\" target=\"_blank\" rel=\"noopener\" aria-label=\"Go to https:\/\/www.google.com\/maps\/place\/Endratech+Engenharia+e+Equipamentos+de+Dragagem+Ltda\/@-22.9862191,-43.1896748,15z\/data=!4m6!3m5!1s0x9bd53c9a6a37d7:0xb6610dffc7b4c2e6!8m2!3d-22.9862191!4d-43.1896748!16s%2Fg%2F1ptvrxnyx?entry=ttu\"><\/a>\n\t\t<h3>Donde estamos<\/h3>\t\t\t\n\t\t\t\t<p>Av. Atl\u00e2ntica, 4.240 &#8211; Subsolo 121<br \/>Rio de Janeiro &#8211; RJ &#8211; Brasil<\/p>\n\t<a href=\"mailto:contato@endratech.com.br\" target=\"_blank\" rel=\"noopener\" aria-label=\"Go to mailto:contato@endratech.com.br\"><\/a>\n\t\t<h3>Email<\/h3>\t\t\t\n\t\t\t\t<p>contato@endratech.com.br<\/p>\n\t\t<h3>Tel\u00e9fonos<\/h3>\t\t\t\n\t\t\t\t<p><a href=\"tel:+552122624493\">+55 (21) 2262-4493<\/a> <br \/><a href=\"tel:+552122621639\">+55 (21) 2262-1639<\/a><\/p>","protected":false},"excerpt":{"rendered":"<p>ACESS\u00d3RIOS E PE\u00c7AS PARA DRAGAGEM E FUNDA\u00c7\u00d5ES Acess\u00f3rios e pe\u00e7as para dragagem Oferecemos todo o suporte para aquisi\u00e7\u00e3o de pe\u00e7as originais importadas j\u00e1 nacionalizadas. Temos [&hellip;]<\/p>\n","protected":false},"author":3,"featured_media":0,"parent":0,"menu_order":0,"comment_status":"closed","ping_status":"closed","template":"","meta":{"site-sidebar-layout":"no-sidebar","site-content-layout":"page-builder","ast-site-content-layout":"full-width-container","site-content-style":"unboxed","site-sidebar-style":"unboxed","ast-global-header-display":"","ast-banner-title-visibility":"","ast-main-header-display":"","ast-hfb-above-header-display":"","ast-hfb-below-header-display":"","ast-hfb-mobile-header-display":"","site-post-title":"disabled","ast-breadcrumbs-content":"","ast-featured-img":"disabled","footer-sml-layout":"","ast-disable-related-posts":"","theme-transparent-header-meta":"","adv-header-id-meta":"","stick-header-meta":"","header-above-stick-meta":"","header-main-stick-meta":"","header-below-stick-meta":"","astra-migrate-meta-layouts":"set","ast-page-background-enabled":"default","ast-page-background-meta":{"desktop":{"background-color":"","background-image":"","background-repeat":"repeat","background-position":"center center","background-size":"auto","background-attachment":"scroll","background-type":"","background-media":"","overlay-type":"","overlay-color":"","overlay-opacity":"","overlay-gradient":""},"tablet":{"background-color":"","background-image":"","background-repeat":"repeat","background-position":"center center","background-size":"auto","background-attachment":"scroll","background-type":"","background-media":"","overlay-type":"","overlay-color":"","overlay-opacity":"","overlay-gradient":""},"mobile":{"background-color":"","background-image":"","background-repeat":"repeat","background-position":"center center","background-size":"auto","background-attachment":"scroll","background-type":"","background-media":"","overlay-type":"","overlay-color":"","overlay-opacity":"","overlay-gradient":""}},"ast-content-background-meta":{"desktop":{"background-color":"var(--ast-global-color-5)","background-image":"","background-repeat":"repeat","background-position":"center center","background-size":"auto","background-attachment":"scroll","background-type":"","background-media":"","overlay-type":"","overlay-color":"","overlay-opacity":"","overlay-gradient":""},"tablet":{"background-color":"var(--ast-global-color-5)","background-image":"","background-repeat":"repeat","background-position":"center center","background-size":"auto","background-attachment":"scroll","background-type":"","background-media":"","overlay-type":"","overlay-color":"","overlay-opacity":"","overlay-gradient":""},"mobile":{"background-color":"var(--ast-global-color-5)","background-image":"","background-repeat":"repeat","background-position":"center center","background-size":"auto","background-attachment":"scroll","background-type":"","background-media":"","overlay-type":"","overlay-color":"","overlay-opacity":"","overlay-gradient":""}},"footnotes":""},"class_list":["post-1626","page","type-page","status-publish","hentry"],"_links":{"self":[{"href":"https:\/\/www.endratech.com.br\/es\/wp-json\/wp\/v2\/pages\/1626","targetHints":{"allow":["GET"]}}],"collection":[{"href":"https:\/\/www.endratech.com.br\/es\/wp-json\/wp\/v2\/pages"}],"about":[{"href":"https:\/\/www.endratech.com.br\/es\/wp-json\/wp\/v2\/types\/page"}],"author":[{"embeddable":true,"href":"https:\/\/www.endratech.com.br\/es\/wp-json\/wp\/v2\/users\/3"}],"replies":[{"embeddable":true,"href":"https:\/\/www.endratech.com.br\/es\/wp-json\/wp\/v2\/comments?post=1626"}],"version-history":[{"count":1,"href":"https:\/\/www.endratech.com.br\/es\/wp-json\/wp\/v2\/pages\/1626\/revisions"}],"predecessor-version":[{"id":1984,"href":"https:\/\/www.endratech.com.br\/es\/wp-json\/wp\/v2\/pages\/1626\/revisions\/1984"}],"wp:attachment":[{"href":"https:\/\/www.endratech.com.br\/es\/wp-json\/wp\/v2\/media?parent=1626"}],"curies":[{"name":"wp","href":"https:\/\/api.w.org\/{rel}","templated":true}]}}