{"id":1463,"date":"2024-06-06T10:08:38","date_gmt":"2024-06-06T13:08:38","guid":{"rendered":"http:\/\/8.matheussistema.tmp.k8.com.br\/?page_id=1463"},"modified":"2024-07-29T16:26:58","modified_gmt":"2024-07-29T19:26:58","slug":"dragas-hidraulicas","status":"publish","type":"page","link":"https:\/\/www.endratech.com.br\/es\/dragas-hidraulicas\/","title":{"rendered":"Dragas Hidr\u00e1ulicas"},"content":{"rendered":"<h1>\n\t\t\t\tDRAGAS HIDR\u00c1ULICAS\n\t\t\t<\/h1>\n\t\t\t\t<img decoding=\"async\" src=\"https:\/\/www.endratech.com.br\/wp-content\/uploads\/2024\/06\/damen-dragas-interna.webp\" alt=\"damen-dragas-interna\" title=\"damen-dragas-interna\" itemprop=\"image\"\/>\n\t\t<h3>Dragas de Succi\u00f3n y Descarga<\/h3>\n\t\t\t\t<p>estacionarias, desmontables y accionadas por motor di\u00e9sel o motor el\u00e9ctrico.<br \/>Los equipos est\u00e1n dotados de bombas centr\u00edfugas de alta eficiencia, fabricadas en acero resistente al desgaste y equipadas con una amplia pasada esf\u00e9rica.<\/p>\n<p>A linha standard de dragas Damen consiste em 5 tipos de diferentes dimens\u00f5es, com varia\u00e7\u00e3o no di\u00e2metro da tubula\u00e7\u00e3o de descarga de 10&#8243; at\u00e9 26&#8243;. Contando com projetos padronizados e um cont\u00ednuo processo de constru\u00e7\u00e3o, se torna poss\u00edvel oferecer ao mercado prazos de entrega curtos e pre\u00e7os competitivos. Importante ressaltar que todas as Dragas fornecidas s\u00e3o previamente testadas flutuando no estaleiro antes da entrega.<\/p>\n\t\t\t\t<img loading=\"lazy\" decoding=\"async\" src=\"https:\/\/www.endratech.com.br\/wp-content\/uploads\/2024\/06\/draga-succao.jpg\" alt=\"draga-succao\" itemprop=\"image\" height=\"310\" width=\"550\" title=\"draga-succao\" onerror=\"this.style.display='none'\"  \/>\n\t\t\t\t<a\n\t\t\thref=\"https:\/\/www.endratech.com.br\/wp-content\/uploads\/2024\/06\/draga-succao3.jpg\"\n\t\t\t\t\t\tdata-fancybox=\"images\" \n\t\t\ttitle=\"draga-succao3\" \n\t\t\t\t\t\tdata-description=\"\" \n\t\t\titemprop=\"contentUrl\">\n\t\t\t<img loading=\"lazy\" decoding=\"async\" src=\"https:\/\/www.endratech.com.br\/wp-content\/uploads\/2024\/06\/draga-succao3-150x150.jpg\" alt=\"\" data-no-lazy=\"1\" itemprop=\"thumbnail\" width=\"150\" height=\"150\" \/>\n\t\t\t<!-- Overlay Wrapper -->\n\t\t\t <!-- Overlay Wrapper Closed -->\n\t\t\t\t<\/a>\n\t\t\t\t\t\t\t<meta itemprop=\"width\" content=\"150\" \/>\n\t\t\t<meta itemprop=\"height\" content=\"150\" \/>\n\t\t\t\t<a\n\t\t\thref=\"https:\/\/www.endratech.com.br\/wp-content\/uploads\/2024\/06\/draga-succao2.jpg\"\n\t\t\t\t\t\tdata-fancybox=\"images\" \n\t\t\ttitle=\"draga-succao2\" \n\t\t\t\t\t\tdata-description=\"\" \n\t\t\titemprop=\"contentUrl\">\n\t\t\t<img loading=\"lazy\" decoding=\"async\" src=\"https:\/\/www.endratech.com.br\/wp-content\/uploads\/2024\/06\/draga-succao2-150x150.jpg\" alt=\"\" data-no-lazy=\"1\" itemprop=\"thumbnail\" width=\"150\" height=\"150\" \/>\n\t\t\t<!-- Overlay Wrapper -->\n\t\t\t <!-- Overlay Wrapper Closed -->\n\t\t\t\t<\/a>\n\t\t\t\t\t\t\t<meta itemprop=\"width\" content=\"150\" \/>\n\t\t\t<meta itemprop=\"height\" content=\"150\" \/>\n\t\t\t\t<a\n\t\t\thref=\"https:\/\/www.endratech.com.br\/wp-content\/uploads\/2024\/06\/draga-succao1.jpg\"\n\t\t\t\t\t\tdata-fancybox=\"images\" \n\t\t\ttitle=\"draga-succao1\" \n\t\t\t\t\t\tdata-description=\"\" \n\t\t\titemprop=\"contentUrl\">\n\t\t\t<img loading=\"lazy\" decoding=\"async\" src=\"https:\/\/www.endratech.com.br\/wp-content\/uploads\/2024\/06\/draga-succao1-150x150.jpg\" alt=\"\" data-no-lazy=\"1\" itemprop=\"thumbnail\" width=\"150\" height=\"150\" \/>\n\t\t\t<!-- Overlay Wrapper -->\n\t\t\t <!-- Overlay Wrapper Closed -->\n\t\t\t\t<\/a>\n\t\t\t\t\t\t\t<meta itemprop=\"width\" content=\"150\" \/>\n\t\t\t<meta itemprop=\"height\" content=\"150\" \/>\n\t\t\t\t<a\n\t\t\thref=\"https:\/\/www.endratech.com.br\/wp-content\/uploads\/2024\/07\/draga-succao4.jpg\"\n\t\t\t\t\t\tdata-fancybox=\"images\" \n\t\t\ttitle=\"draga-succao4\" \n\t\t\t\t\t\tdata-description=\"\" \n\t\t\titemprop=\"contentUrl\">\n\t\t\t<img loading=\"lazy\" decoding=\"async\" src=\"https:\/\/www.endratech.com.br\/wp-content\/uploads\/2024\/07\/draga-succao4-150x150.jpg\" alt=\"\" data-no-lazy=\"1\" itemprop=\"thumbnail\" width=\"150\" height=\"150\" \/>\n\t\t\t<!-- Overlay Wrapper -->\n\t\t\t <!-- Overlay Wrapper Closed -->\n\t\t\t\t<\/a>\n\t\t\t\t\t\t\t<meta itemprop=\"width\" content=\"150\" \/>\n\t\t\t<meta itemprop=\"height\" content=\"150\" \/>\n\t\t\t\t<a\n\t\t\thref=\"https:\/\/www.endratech.com.br\/wp-content\/uploads\/2024\/07\/draga-succao5.jpg\"\n\t\t\t\t\t\tdata-fancybox=\"images\" \n\t\t\ttitle=\"draga-succao5\" \n\t\t\t\t\t\tdata-description=\"\" \n\t\t\titemprop=\"contentUrl\">\n\t\t\t<img loading=\"lazy\" decoding=\"async\" src=\"https:\/\/www.endratech.com.br\/wp-content\/uploads\/2024\/07\/draga-succao5-150x150.jpg\" alt=\"\" data-no-lazy=\"1\" itemprop=\"thumbnail\" width=\"150\" height=\"150\" \/>\n\t\t\t<!-- Overlay Wrapper -->\n\t\t\t <!-- Overlay Wrapper Closed -->\n\t\t\t\t<\/a>\n\t\t\t\t\t\t\t<meta itemprop=\"width\" content=\"150\" \/>\n\t\t\t<meta itemprop=\"height\" content=\"150\" \/>\n\t\t\t\t<a\n\t\t\thref=\"https:\/\/www.endratech.com.br\/wp-content\/uploads\/2024\/07\/draga-succao6.jpg\"\n\t\t\t\t\t\tdata-fancybox=\"images\" \n\t\t\ttitle=\"draga-succao6\" \n\t\t\t\t\t\tdata-description=\"\" \n\t\t\titemprop=\"contentUrl\">\n\t\t\t<img loading=\"lazy\" decoding=\"async\" src=\"https:\/\/www.endratech.com.br\/wp-content\/uploads\/2024\/07\/draga-succao6-150x150.jpg\" alt=\"\" data-no-lazy=\"1\" itemprop=\"thumbnail\" width=\"150\" height=\"150\" \/>\n\t\t\t<!-- Overlay Wrapper -->\n\t\t\t <!-- Overlay Wrapper Closed -->\n\t\t\t\t<\/a>\n\t\t\t\t\t\t\t<meta itemprop=\"width\" content=\"150\" \/>\n\t\t\t<meta itemprop=\"height\" content=\"150\" \/>\n\t\t\t\t<a\n\t\t\thref=\"https:\/\/www.endratech.com.br\/wp-content\/uploads\/2024\/07\/draga-succao7.jpg\"\n\t\t\t\t\t\tdata-fancybox=\"images\" \n\t\t\ttitle=\"draga-succao7\" \n\t\t\t\t\t\tdata-description=\"\" \n\t\t\titemprop=\"contentUrl\">\n\t\t\t<img loading=\"lazy\" decoding=\"async\" src=\"https:\/\/www.endratech.com.br\/wp-content\/uploads\/2024\/07\/draga-succao7-150x150.jpg\" alt=\"\" data-no-lazy=\"1\" itemprop=\"thumbnail\" width=\"150\" height=\"150\" \/>\n\t\t\t<!-- Overlay Wrapper -->\n\t\t\t <!-- Overlay Wrapper Closed -->\n\t\t\t\t<\/a>\n\t\t\t\t\t\t\t<meta itemprop=\"width\" content=\"150\" \/>\n\t\t\t<meta itemprop=\"height\" content=\"150\" \/>\n\t\t\t\t<a\n\t\t\thref=\"https:\/\/www.endratech.com.br\/wp-content\/uploads\/2024\/07\/draga-succao8.jpg\"\n\t\t\t\t\t\tdata-fancybox=\"images\" \n\t\t\ttitle=\"draga-succao8\" \n\t\t\t\t\t\tdata-description=\"\" \n\t\t\titemprop=\"contentUrl\">\n\t\t\t<img loading=\"lazy\" decoding=\"async\" src=\"https:\/\/www.endratech.com.br\/wp-content\/uploads\/2024\/07\/draga-succao8-150x150.jpg\" alt=\"\" data-no-lazy=\"1\" itemprop=\"thumbnail\" width=\"150\" height=\"150\" \/>\n\t\t\t<!-- Overlay Wrapper -->\n\t\t\t <!-- Overlay Wrapper Closed -->\n\t\t\t\t<\/a>\n\t\t\t\t\t\t\t<meta itemprop=\"width\" content=\"150\" \/>\n\t\t\t<meta itemprop=\"height\" content=\"150\" \/>\n\t\t\t\t<a\n\t\t\thref=\"https:\/\/www.endratech.com.br\/wp-content\/uploads\/2024\/07\/draga-succao9.jpg\"\n\t\t\t\t\t\tdata-fancybox=\"images\" \n\t\t\ttitle=\"draga-succao9\" \n\t\t\t\t\t\tdata-description=\"\" \n\t\t\titemprop=\"contentUrl\">\n\t\t\t<img loading=\"lazy\" decoding=\"async\" src=\"https:\/\/www.endratech.com.br\/wp-content\/uploads\/2024\/07\/draga-succao9-150x150.jpg\" alt=\"\" data-no-lazy=\"1\" itemprop=\"thumbnail\" width=\"150\" height=\"150\" \/>\n\t\t\t<!-- Overlay Wrapper -->\n\t\t\t <!-- Overlay Wrapper Closed -->\n\t\t\t\t<\/a>\n\t\t\t\t\t\t\t<meta itemprop=\"width\" content=\"150\" \/>\n\t\t\t<meta itemprop=\"height\" content=\"150\" \/>\n\t\t\t\t<a\n\t\t\thref=\"https:\/\/www.endratech.com.br\/wp-content\/uploads\/2024\/07\/draga-succao10.jpg\"\n\t\t\t\t\t\tdata-fancybox=\"images\" \n\t\t\ttitle=\"draga-succao10\" \n\t\t\t\t\t\tdata-description=\"\" \n\t\t\titemprop=\"contentUrl\">\n\t\t\t<img loading=\"lazy\" decoding=\"async\" src=\"https:\/\/www.endratech.com.br\/wp-content\/uploads\/2024\/07\/draga-succao10-150x150.jpg\" alt=\"\" data-no-lazy=\"1\" itemprop=\"thumbnail\" width=\"150\" height=\"150\" \/>\n\t\t\t<!-- Overlay Wrapper -->\n\t\t\t <!-- Overlay Wrapper Closed -->\n\t\t\t\t<\/a>\n\t\t\t\t\t\t\t<meta itemprop=\"width\" content=\"150\" \/>\n\t\t\t<meta itemprop=\"height\" content=\"150\" \/>\n\t\t\t\t<img loading=\"lazy\" decoding=\"async\" src=\"https:\/\/www.endratech.com.br\/wp-content\/uploads\/2024\/06\/dragas-auto-transp.jpg\" alt=\"dragas-auto-transp\" itemprop=\"image\" height=\"310\" width=\"550\" title=\"dragas-auto-transp\" onerror=\"this.style.display='none'\"  \/>\n\t\t\t\t<a\n\t\t\thref=\"https:\/\/www.endratech.com.br\/wp-content\/uploads\/2024\/06\/dragas-auto-transp1.jpg\"\n\t\t\t\t\t\tdata-fancybox=\"images\" \n\t\t\ttitle=\"dragas-auto-transp1\" \n\t\t\t\t\t\tdata-description=\"\" \n\t\t\titemprop=\"contentUrl\">\n\t\t\t<img loading=\"lazy\" decoding=\"async\" src=\"https:\/\/www.endratech.com.br\/wp-content\/uploads\/2024\/06\/dragas-auto-transp1-150x150.jpg\" alt=\"\" data-no-lazy=\"1\" itemprop=\"thumbnail\" width=\"150\" height=\"150\" \/>\n\t\t\t<!-- Overlay Wrapper -->\n\t\t\t <!-- Overlay Wrapper Closed -->\n\t\t\t\t<\/a>\n\t\t\t\t\t\t\t<meta itemprop=\"width\" content=\"150\" \/>\n\t\t\t<meta itemprop=\"height\" content=\"150\" \/>\n\t\t\t\t<a\n\t\t\thref=\"https:\/\/www.endratech.com.br\/wp-content\/uploads\/2024\/06\/dragas-auto-transp2.jpg\"\n\t\t\t\t\t\tdata-fancybox=\"images\" \n\t\t\ttitle=\"dragas-auto-transp2\" \n\t\t\t\t\t\tdata-description=\"\" \n\t\t\titemprop=\"contentUrl\">\n\t\t\t<img loading=\"lazy\" decoding=\"async\" src=\"https:\/\/www.endratech.com.br\/wp-content\/uploads\/2024\/06\/dragas-auto-transp2-150x150.jpg\" alt=\"\" data-no-lazy=\"1\" itemprop=\"thumbnail\" width=\"150\" height=\"150\" \/>\n\t\t\t<!-- Overlay Wrapper -->\n\t\t\t <!-- Overlay Wrapper Closed -->\n\t\t\t\t<\/a>\n\t\t\t\t\t\t\t<meta itemprop=\"width\" content=\"150\" \/>\n\t\t\t<meta itemprop=\"height\" content=\"150\" \/>\n\t\t\t\t<a\n\t\t\thref=\"https:\/\/www.endratech.com.br\/wp-content\/uploads\/2024\/06\/dragas-auto-transp3.jpg\"\n\t\t\t\t\t\tdata-fancybox=\"images\" \n\t\t\ttitle=\"dragas-auto-transp3\" \n\t\t\t\t\t\tdata-description=\"\" \n\t\t\titemprop=\"contentUrl\">\n\t\t\t<img loading=\"lazy\" decoding=\"async\" src=\"https:\/\/www.endratech.com.br\/wp-content\/uploads\/2024\/06\/dragas-auto-transp3-150x150.jpg\" alt=\"\" data-no-lazy=\"1\" itemprop=\"thumbnail\" width=\"150\" height=\"150\" \/>\n\t\t\t<!-- Overlay Wrapper -->\n\t\t\t <!-- Overlay Wrapper Closed -->\n\t\t\t\t<\/a>\n\t\t\t\t\t\t\t<meta itemprop=\"width\" content=\"150\" \/>\n\t\t\t<meta itemprop=\"height\" content=\"150\" \/>\n\t\t\t\t<img decoding=\"async\" src=\"https:\/\/www.endratech.com.br\/wp-content\/uploads\/2024\/06\/damen-dragas-interna.webp\" alt=\"damen-dragas-interna\" title=\"damen-dragas-interna\" itemprop=\"image\"\/>\n\t\t<h3>Dragas Autotransportadoras<\/h3>\n\t\t\t\t<p>Las dragas autotransportadoras de succi\u00f3n y arrastre de la serie TSHD est\u00e1n fabricadas basadas en proyectos estandarizados para construcci\u00f3n seriada.<\/p>\n<p>Damen ofrece una variedad de dragas autotransportadoras de succi\u00f3n y arrastre, destinadas principalmente a la draga de mantenimiento de canales y v\u00edas navegables de los puertos.<\/p>\n<p>El concepto del proyecto es altamente flexible, permitiendo que la embarcaci\u00f3n est\u00e1ndar pueda ser adaptada con una amplia gama de accesorios opcionales. A trav\u00e9s de este concepto, la draga puede ser modificada f\u00e1cilmente sin la necesidad de alteraciones en su proyecto y plazo de entrega.<\/p>\n\t\t\t\t<img decoding=\"async\" src=\"https:\/\/www.endratech.com.br\/wp-content\/uploads\/2024\/06\/damen-dragas-interna.webp\" alt=\"damen-dragas-interna\" title=\"damen-dragas-interna\" itemprop=\"image\"\/>\n\t\t<h3>Bombas Sumergibles<\/h3>\n\t\t\t\t<p>Las bombas de dragado sumergibles DOP son del tipo centr\u00edfugo de alta eficiencia, fabricadas en acero resistente al desgaste y equipadas con una amplia pasada esf\u00e9rica.<br \/>Su excelente capacidad de succi\u00f3n permite alcanzar altas densidades de mezcla. La bomba sumergible DOP fue dise\u00f1ada para operaciones de dragado sujetas a severa abrasi\u00f3n.<\/p>\n<p><strong>Sus principales caracter\u00edsticas son las siguientes:<\/strong><br \/>\u25cf Transporte eficiente de mezcla de arena y agua;<br \/>\u25cf Piezas de la bomba fabricadas con aceros de alta dureza resistentes al desgaste;<br \/>\u25cf Dise\u00f1o compacto y robusto;<br \/>\u25cf Diferentes herramientas de succi\u00f3n y corte disponibles y de f\u00e1cil intercambio;<br \/>\u25cf Rotor con amplia pasada esf\u00e9rica;<br \/>\u25cf Mezcla con elevada concentraci\u00f3n;<br \/>\u25cf Grandes profundidades de dragado;<br \/>\u25cf Equipo de f\u00e1cil montaje y operaci\u00f3n;<br \/>\u25cf Selo mec\u00e2nico de f\u00e1cil manuten\u00e7\u00e3o &#8211; graxa e \u00e1gua de selagem n\u00e3o s\u00e3o necess\u00e1rios.<br \/><\/p>\n\t\t\t\t<img loading=\"lazy\" decoding=\"async\" src=\"https:\/\/www.endratech.com.br\/wp-content\/uploads\/2024\/06\/bombas-submersiveis.jpg\" alt=\"bombas-submersiveis\" itemprop=\"image\" height=\"310\" width=\"550\" title=\"bombas-submersiveis\" onerror=\"this.style.display='none'\"  \/>\n\t\t\t\t<a\n\t\t\thref=\"https:\/\/www.endratech.com.br\/wp-content\/uploads\/2024\/06\/bombas-submersiveis1.jpg\"\n\t\t\t\t\t\tdata-fancybox=\"images\" \n\t\t\ttitle=\"bombas-submersiveis1\" \n\t\t\t\t\t\tdata-description=\"\" \n\t\t\titemprop=\"contentUrl\">\n\t\t\t<img loading=\"lazy\" decoding=\"async\" src=\"https:\/\/www.endratech.com.br\/wp-content\/uploads\/2024\/06\/bombas-submersiveis1.jpg\" alt=\"\" data-no-lazy=\"1\" itemprop=\"thumbnail\" width=\"600\" height=\"440\" \/>\n\t\t\t<!-- Overlay Wrapper -->\n\t\t\t <!-- Overlay Wrapper Closed -->\n\t\t\t\t<\/a>\n\t\t\t\t\t\t\t<meta itemprop=\"width\" content=\"600\" \/>\n\t\t\t<meta itemprop=\"height\" content=\"440\" \/>\n\t\t\t\t<a\n\t\t\thref=\"https:\/\/www.endratech.com.br\/wp-content\/uploads\/2024\/06\/bombas-submersiveis2.jpg\"\n\t\t\t\t\t\tdata-fancybox=\"images\" \n\t\t\ttitle=\"bombas-submersiveis2\" \n\t\t\t\t\t\tdata-description=\"\" \n\t\t\titemprop=\"contentUrl\">\n\t\t\t<img loading=\"lazy\" decoding=\"async\" src=\"https:\/\/www.endratech.com.br\/wp-content\/uploads\/2024\/06\/bombas-submersiveis2.jpg\" alt=\"\" data-no-lazy=\"1\" itemprop=\"thumbnail\" width=\"600\" height=\"440\" \/>\n\t\t\t<!-- Overlay Wrapper -->\n\t\t\t <!-- Overlay Wrapper Closed -->\n\t\t\t\t<\/a>\n\t\t\t\t\t\t\t<meta itemprop=\"width\" content=\"600\" \/>\n\t\t\t<meta itemprop=\"height\" content=\"440\" \/>\n\t\t\t\t<a\n\t\t\thref=\"https:\/\/www.endratech.com.br\/wp-content\/uploads\/2024\/07\/bombas-submersiveis3.jpg\"\n\t\t\t\t\t\tdata-fancybox=\"images\" \n\t\t\ttitle=\"bombas-submersiveis3\" \n\t\t\t\t\t\tdata-description=\"\" \n\t\t\titemprop=\"contentUrl\">\n\t\t\t<img loading=\"lazy\" decoding=\"async\" src=\"https:\/\/www.endratech.com.br\/wp-content\/uploads\/2024\/07\/bombas-submersiveis3.jpg\" alt=\"\" data-no-lazy=\"1\" itemprop=\"thumbnail\" width=\"284\" height=\"213\" \/>\n\t\t\t<!-- Overlay Wrapper -->\n\t\t\t <!-- Overlay Wrapper Closed -->\n\t\t\t\t<\/a>\n\t\t\t\t\t\t\t<meta itemprop=\"width\" content=\"284\" \/>\n\t\t\t<meta itemprop=\"height\" content=\"213\" \/>\n\t\t\t\t<a\n\t\t\thref=\"https:\/\/www.endratech.com.br\/wp-content\/uploads\/2024\/07\/bombas-submersiveis4.jpg\"\n\t\t\t\t\t\tdata-fancybox=\"images\" \n\t\t\ttitle=\"bombas-submersiveis4\" \n\t\t\t\t\t\tdata-description=\"\" \n\t\t\titemprop=\"contentUrl\">\n\t\t\t<img loading=\"lazy\" decoding=\"async\" src=\"https:\/\/www.endratech.com.br\/wp-content\/uploads\/2024\/07\/bombas-submersiveis4.jpg\" alt=\"\" data-no-lazy=\"1\" itemprop=\"thumbnail\" width=\"600\" height=\"400\" \/>\n\t\t\t<!-- Overlay Wrapper -->\n\t\t\t <!-- Overlay Wrapper Closed -->\n\t\t\t\t<\/a>\n\t\t\t\t\t\t\t<meta itemprop=\"width\" content=\"600\" \/>\n\t\t\t<meta itemprop=\"height\" content=\"400\" \/>\n\t\t\t\t<a\n\t\t\thref=\"https:\/\/www.endratech.com.br\/wp-content\/uploads\/2024\/07\/bombas-submersiveis5.jpg\"\n\t\t\t\t\t\tdata-fancybox=\"images\" \n\t\t\ttitle=\"bombas-submersiveis5\" \n\t\t\t\t\t\tdata-description=\"\" \n\t\t\titemprop=\"contentUrl\">\n\t\t\t<img loading=\"lazy\" decoding=\"async\" src=\"https:\/\/www.endratech.com.br\/wp-content\/uploads\/2024\/07\/bombas-submersiveis5.jpg\" alt=\"\" data-no-lazy=\"1\" itemprop=\"thumbnail\" width=\"600\" height=\"400\" \/>\n\t\t\t<!-- Overlay Wrapper -->\n\t\t\t <!-- Overlay Wrapper Closed -->\n\t\t\t\t<\/a>\n\t\t\t\t\t\t\t<meta itemprop=\"width\" content=\"600\" \/>\n\t\t\t<meta itemprop=\"height\" content=\"400\" \/>\n\t\t<h2>Accesorios y Piezas para Dragado<\/h2>\n\t\t\t\t<p>Ofrecemos todo el soporte para la adquisici\u00f3n de piezas originales importadas ya nacionalizadas.<\/p>\n\t\t\t<a href=\"https:\/\/www.endratech.com.br\/es\/acessorios-e-pecas\/#dragagem\" title=\"Click Here\" target=\"_self\" role=\"button\" aria-label=\"CONFIRA\" rel=\"noopener\">\n\t\t\t\t\t\t\tCONFIRA\n\t\t<\/a>\n\t<h2>\n\t\t\t\tHable con nosotros\n\t\t\t<\/h2>\n\t<a href=\"https:\/\/www.google.com\/maps\/place\/Endratech+Engenharia+e+Equipamentos+de+Dragagem+Ltda\/@-22.9862191,-43.1896748,15z\/data=!4m6!3m5!1s0x9bd53c9a6a37d7:0xb6610dffc7b4c2e6!8m2!3d-22.9862191!4d-43.1896748!16s%2Fg%2F1ptvrxnyx?entry=ttu\" target=\"_blank\" rel=\"noopener\" aria-label=\"Go to https:\/\/www.google.com\/maps\/place\/Endratech+Engenharia+e+Equipamentos+de+Dragagem+Ltda\/@-22.9862191,-43.1896748,15z\/data=!4m6!3m5!1s0x9bd53c9a6a37d7:0xb6610dffc7b4c2e6!8m2!3d-22.9862191!4d-43.1896748!16s%2Fg%2F1ptvrxnyx?entry=ttu\"><\/a>\n\t\t<h3>Donde estamos<\/h3>\t\t\t\n\t\t\t\t<p>Av. Atl\u00e2ntica, 4.240 &#8211; Subsolo 121<br \/>Rio de Janeiro &#8211; RJ &#8211; Brasil<\/p>\n\t<a href=\"mailto:contato@endratech.com.br\" target=\"_blank\" rel=\"noopener\" aria-label=\"Go to mailto:contato@endratech.com.br\"><\/a>\n\t\t<h3>Email<\/h3>\t\t\t\n\t\t\t\t<p>contato@endratech.com.br<\/p>\n\t\t<h3>Tel\u00e9fonos<\/h3>\t\t\t\n\t\t\t\t<p><a href=\"tel:+552122624493\">+55 (21) 2262-4493<\/a> <br \/><a href=\"tel:+552122621639\">+55 (21) 2262-1639<\/a><\/p>","protected":false},"excerpt":{"rendered":"<p>DRAGAS HIDR\u00c1ULICAS Dragas de Suc\u00e7\u00e3o e Recalque \u200bAs dragas de suc\u00e7\u00e3o e recalque ou dragas cortadoras da s\u00e9rie CSD s\u00e3o do tipo estacion\u00e1rias, desmont\u00e1veis e [&hellip;]<\/p>\n","protected":false},"author":3,"featured_media":0,"parent":0,"menu_order":0,"comment_status":"closed","ping_status":"closed","template":"","meta":{"site-sidebar-layout":"no-sidebar","site-content-layout":"page-builder","ast-site-content-layout":"full-width-container","site-content-style":"unboxed","site-sidebar-style":"unboxed","ast-global-header-display":"","ast-banner-title-visibility":"","ast-main-header-display":"","ast-hfb-above-header-display":"","ast-hfb-below-header-display":"","ast-hfb-mobile-header-display":"","site-post-title":"disabled","ast-breadcrumbs-content":"","ast-featured-img":"disabled","footer-sml-layout":"","ast-disable-related-posts":"","theme-transparent-header-meta":"","adv-header-id-meta":"","stick-header-meta":"","header-above-stick-meta":"","header-main-stick-meta":"","header-below-stick-meta":"","astra-migrate-meta-layouts":"set","ast-page-background-enabled":"default","ast-page-background-meta":{"desktop":{"background-color":"","background-image":"","background-repeat":"repeat","background-position":"center center","background-size":"auto","background-attachment":"scroll","background-type":"","background-media":"","overlay-type":"","overlay-color":"","overlay-opacity":"","overlay-gradient":""},"tablet":{"background-color":"","background-image":"","background-repeat":"repeat","background-position":"center center","background-size":"auto","background-attachment":"scroll","background-type":"","background-media":"","overlay-type":"","overlay-color":"","overlay-opacity":"","overlay-gradient":""},"mobile":{"background-color":"","background-image":"","background-repeat":"repeat","background-position":"center center","background-size":"auto","background-attachment":"scroll","background-type":"","background-media":"","overlay-type":"","overlay-color":"","overlay-opacity":"","overlay-gradient":""}},"ast-content-background-meta":{"desktop":{"background-color":"var(--ast-global-color-5)","background-image":"","background-repeat":"repeat","background-position":"center center","background-size":"auto","background-attachment":"scroll","background-type":"","background-media":"","overlay-type":"","overlay-color":"","overlay-opacity":"","overlay-gradient":""},"tablet":{"background-color":"var(--ast-global-color-5)","background-image":"","background-repeat":"repeat","background-position":"center center","background-size":"auto","background-attachment":"scroll","background-type":"","background-media":"","overlay-type":"","overlay-color":"","overlay-opacity":"","overlay-gradient":""},"mobile":{"background-color":"var(--ast-global-color-5)","background-image":"","background-repeat":"repeat","background-position":"center center","background-size":"auto","background-attachment":"scroll","background-type":"","background-media":"","overlay-type":"","overlay-color":"","overlay-opacity":"","overlay-gradient":""}},"footnotes":""},"class_list":["post-1463","page","type-page","status-publish","hentry"],"_links":{"self":[{"href":"https:\/\/www.endratech.com.br\/es\/wp-json\/wp\/v2\/pages\/1463","targetHints":{"allow":["GET"]}}],"collection":[{"href":"https:\/\/www.endratech.com.br\/es\/wp-json\/wp\/v2\/pages"}],"about":[{"href":"https:\/\/www.endratech.com.br\/es\/wp-json\/wp\/v2\/types\/page"}],"author":[{"embeddable":true,"href":"https:\/\/www.endratech.com.br\/es\/wp-json\/wp\/v2\/users\/3"}],"replies":[{"embeddable":true,"href":"https:\/\/www.endratech.com.br\/es\/wp-json\/wp\/v2\/comments?post=1463"}],"version-history":[{"count":2,"href":"https:\/\/www.endratech.com.br\/es\/wp-json\/wp\/v2\/pages\/1463\/revisions"}],"predecessor-version":[{"id":1979,"href":"https:\/\/www.endratech.com.br\/es\/wp-json\/wp\/v2\/pages\/1463\/revisions\/1979"}],"wp:attachment":[{"href":"https:\/\/www.endratech.com.br\/es\/wp-json\/wp\/v2\/media?parent=1463"}],"curies":[{"name":"wp","href":"https:\/\/api.w.org\/{rel}","templated":true}]}}