{"id":1129,"date":"2024-05-21T17:00:59","date_gmt":"2024-05-21T20:00:59","guid":{"rendered":"http:\/\/8.matheussistema.tmp.k8.com.br\/?page_id=1129"},"modified":"2025-09-10T15:07:08","modified_gmt":"2025-09-10T18:07:08","slug":"endratech-engenharia","status":"publish","type":"page","link":"https:\/\/www.endratech.com.br\/es\/","title":{"rendered":"Endratech Engenharia"},"content":{"rendered":"<h1>\n\t\t\t\tINGENIER\u00cdA Y EQUIPOS\n\t\t\t<\/h1>\n\t\t\t<p>PARA DRAGADO, CONSTRUCCI\u00d3N NAVAL, MINER\u00cdA Y FUNDACIONES<\/p>\t\n\t\t\t<a href=\"#produtos\" title=\"Click Here\" target=\"_self\"   role=\"button\" aria-label=\"sepa mas\">\n\t\t\t\t\t\t\tsepa mas\n\t\t<\/a>\n<h2>\n\t\tSobre a\n\t\t\tENDRATECH\n\t\t\t<\/h2>\t\n\t<p>Nos especializamos en la producci\u00f3n, consultor\u00eda y comercializaci\u00f3n de equipos para la industria de dragados y obras de cimentaci\u00f3n. Tambi\u00e9n operamos en el \u00e1rea naval, suministrando diversos productos para la construcci\u00f3n de barcos, plataformas y estructuras submarinas.<\/p>\n<p>La Compa\u00f1\u00eda fue fundada en 1976 por el Ingeniero Mec\u00e1nico Jayme Herchenhorn y inicialmente se encarg\u00f3 de transferir tecnolog\u00eda para la producci\u00f3n de dragas en el pa\u00eds a trav\u00e9s de los Astilleros EMAQ y Verolme. En 1990, el Ingeniero Mec\u00e1nico Walter Herchenhorn inici\u00f3 su andadura en la Compa\u00f1\u00eda y comenz\u00f3 a ampliar su portafolio de productos con el fin de atender a sus clientes con una mayor variedad de equipos especiales. A partir del a\u00f1o 2016 la Compa\u00f1\u00eda inici\u00f3 sus actividades en el mercado de alquiler en el \u00e1rea de cimentaciones, adquiriendo equipos propios.<\/p>\n\t\t\t\t\t\t\t\t\t<img loading=\"lazy\" decoding=\"async\" src=\"https:\/\/www.endratech.com.br\/wp-content\/uploads\/2024\/07\/sobre-a-endratech-home.webp\" alt=\"sobre-a-endratech-home\" itemprop=\"image\" height=\"819\" width=\"664\" srcset=\"https:\/\/www.endratech.com.br\/wp-content\/uploads\/2024\/07\/sobre-a-endratech-home.webp 664w, https:\/\/www.endratech.com.br\/wp-content\/uploads\/2024\/07\/sobre-a-endratech-home-243x300.webp 243w, https:\/\/www.endratech.com.br\/wp-content\/uploads\/2024\/07\/sobre-a-endratech-home-10x12.webp 10w\" sizes=\"auto, (max-width: 664px) 100vw, 664px\" title=\"sobre-a-endratech-home\" onerror=\"this.style.display='none'\"  \/>\n\t<p>El ingeniero Jayme fue uno de los fundadores y gerente t\u00e9cnico de la Empresa Brasile\u00f1a de Dragado, habiendo desempe\u00f1ado diversos cargos gerenciales durante 9 a\u00f1os, adem\u00e1s de ser responsable t\u00e9cnico de grandes obras de dragado en el pa\u00eds. Ocup\u00f3 el cargo de Director General de empresas holandesas de dragado para Am\u00e9rica Latina hasta 2003, cuando se convirti\u00f3 en consultor independiente; trabajando en la implementaci\u00f3n de la industria de dragas en Brasil.\u200b<\/p>\n<p>La Compa\u00f1\u00eda contin\u00faa actuando en el mercado brasile\u00f1o y latinoamericano, atendiendo a las mayores y mejores constructoras, en diferentes proyectos del Continente.<\/p>\n\t\t\t<a href=\"https:\/\/www.endratech.com.br\/wp-content\/uploads\/2024\/06\/apresentacao-endratech.pdf\" title=\"Click Here\" target=\"_blank\" rel=\"noopener\"  role=\"button\" aria-label=\"DESCUBRE M\u00c1S SOBRE ENDRATECH\">\n\t\t\t\t\t\t\tDESCUBRE M\u00c1S SOBRE ENDRATECH\n\t\t<\/a>\n\t<h2>\n\t\t\t\tNuestros productos\n\t\t\t<\/h2>\n\t\t\t<h2>|<\/h2><h3>Dragas Anfibias<\/h3>\t\t\t\n\t\t\t\t<p>Las dragas anfibias pueden desplazarse en tierra o en agua, sin necesidad de apoyo, ya que cuentan con un sistema de propulsi\u00f3n acu\u00e1tica, dos pilotes en la popa y dos zapatas en los laterales, permitiendo tambi\u00e9n su desplazamiento en tierra.<\/p>\n\t\t\t<a href=\"https:\/\/www.endratech.com.br\/es\/dragas-anfibias\/\" title=\"Click Here\" target=\"_self\"   role=\"button\" aria-label=\"vea mas\">\n\t\t\t\t\t\t\tvea mas\n\t\t<\/a>\n\t\t\t<h2>|<\/h2><h3>Dragas Hidr\u00e1ulicas<\/h3>\t\t\t\n\t\t\t\t<p>Dragas de succi\u00f3n y descarga, Dragas autotransportantes, Bombas sumergibles, Accesorios y repuestos para dragas<\/p>\n\t\t\t<a href=\"https:\/\/www.endratech.com.br\/es\/dragas-hidraulicas\/\" title=\"Click Here\" target=\"_self\"   role=\"button\" aria-label=\"vea mas\">\n\t\t\t\t\t\t\tvea mas\n\t\t<\/a>\n\t\t\t<h2>|<\/h2><h3>Embarcaciones de apoyo y Equipos Navales y Offshore<\/h3>\t\t\t\n\t\t\t\t<p>Buques de apoyo, polipastos y carros especiales.<\/p>\n\t\t\t<a href=\"https:\/\/www.endratech.com.br\/es\/embarcacoes-de-apoio-e-equipamentos-navais-e-offshore\/\" title=\"Click Here\" target=\"_self\"   role=\"button\" aria-label=\"vea mas\">\n\t\t\t\t\t\t\tvea mas\n\t\t<\/a>\n\t\t\t<h2>|<\/h2><h3>Fundaciones<\/h3>\t\t\t\n\t\t\t\t<p>Martillos Vibratorios, Martillos de Impacto Hidr\u00e1ulicos, Taladros,<br \/>Plataformas autoelevables. Accesorios y piezas para equipos de fundaci\u00f3n<\/p>\n\t\t\t<a href=\"https:\/\/www.endratech.com.br\/es\/fundacoes\/\" title=\"Click Here\" target=\"_self\"   role=\"button\" aria-label=\"vea mas\">\n\t\t\t\t\t\t\tvea mas\n\t\t<\/a>\n\t\t\t<h2>|<\/h2><h3>Construcci\u00f3n Offshore y Naval<\/h3>\t\t\t\n\t\t\t\t<p>Chapas gruesas para construcci\u00f3n naval, Perfiles, Perfiles de bulbo, Pletinas, Perfiles<\/p>\n\t\t\t<a href=\"https:\/\/www.endratech.com.br\/es\/construcao-offshore-e-naval\/\" title=\"Click Here\" target=\"_self\"   role=\"button\" aria-label=\"vea mas\">\n\t\t\t\t\t\t\tvea mas\n\t\t<\/a>\n\t\t\t<h2>|<\/h2><h3>Accesorios y Piezas para <br \/> Dragado y Fundaciones<\/h3>\t\t\t\n\t\t\t\t<p>Ofrecemos todo el soporte para la adquisici\u00f3n de piezas originales importadas ya nacionalizadas. Tenemos la opci\u00f3n de proporcionar piezas en diferentes materiales, o incluso proveedores y soluciones alternativas de alta calidad.\u00a0<\/p>\n\t\t\t<a href=\"https:\/\/www.endratech.com.br\/es\/acessorios-e-pecas\/\" title=\"Click Here\" target=\"_self\"   role=\"button\" aria-label=\"vea mas\">\n\t\t\t\t\t\t\tvea mas\n\t\t<\/a>\n\t<h2>\n\t\t\t\tSocios\n\t\t\t<\/h2>\n\t<h2>\n\t\t\t\tNews\n\t\t\t<\/h2>\n\t<meta itemscope itemprop=\"mainEntityOfPage\" itemtype=\"https:\/\/schema.org\/WebPage\" itemid=\"http:\/\/2022\" content=\"Conhe\u00e7a a draga anf\u00edbia Watermaster\" \/><meta itemprop=\"datePublished\" content=\"2024-12-11\" \/><meta itemprop=\"dateModified\" content=\"2025-01-06\" \/><meta itemprop=\"name\" content=\"Endratech\"\/><meta itemprop=\"url\" content=\"https:\/\/www.endratech.com.br\/wp-content\/uploads\/2024\/06\/logo-endratech-oficial.jpg\"\/><meta itemprop=\"url\" content=\"https:\/\/www.endratech.com.br\/author\/admin\/\" \/><meta itemprop=\"name\" content=\"Endratech\" \/><meta itemprop=\"url\" content=\"https:\/\/www.endratech.com.br\/wp-content\/uploads\/2024\/12\/post-11-12-24-2.webp\" \/><meta itemprop=\"width\" content=\"461\" \/><meta itemprop=\"height\" content=\"614\" \/><meta itemprop=\"interactionType\" content=\"https:\/\/schema.org\/CommentAction\" \/><meta itemprop=\"userInteractionCount\" content=\"0\" \/>\n\t\t\t\t<a href=\"https:\/\/www.endratech.com.br\/es\/2024\/12\/11\/conheca-a-draga-anfibia-watermaster\/\" target=\"_self\" itemprop=\"url\">\n\t\t\t\t<img loading=\"lazy\" decoding=\"async\" src=\"https:\/\/www.endratech.com.br\/wp-content\/uploads\/bb-plugin\/cache\/post-11-12-24-2-landscape-3d944083ae261795f09776a46de74b5e-.webp\" alt=\"\" itemprop=\"image\" data-no-lazy=\"1\" height=\"614\" width=\"461\" onerror=\"this.style.display='none'\"  \/>\n\t\t\t\t<\/a>\n\t\t\t\t\t\t\t\t\t<h5 itemprop=\"headline\">\n\t\t\t\t\t\t\t\t\t\t\t\t\t<a href=\"https:\/\/www.endratech.com.br\/es\/2024\/12\/11\/conheca-a-draga-anfibia-watermaster\/\" title=\"Conozca la draga anfibia Watermaster\">\n\t\t\t\t\t\t\t\t\t\t\t\t\t\tConozca la draga anfibia Watermaster\t\t\t\t\t\t\t\t\t\t\t\t\t<\/a>\n\t\t\t\t\t\t\t\t\t\t\t<\/h5>\nPor <a href=\"https:\/\/www.endratech.com.br\/es\/author\/admin\/\">Endratech<\/a>\t\t\t\t\t\n\t\t\t\t\t\t\t\t\t\t\t\t\t\t\t\t\t\t  |  \n\t\t\t11 de dezembro de 2024\t\t\t\t\t\t\n    Quando meu pai conheceu a draga anfibia Watermaster h\u00e1 mais de 18 anos, foi uma paix\u00e3o arrebatadora, amor daqueles que o engenheiro mec\u00e2nico sente pela&#8230;\n    <a href=\"https:\/\/www.endratech.com.br\/es\/2024\/12\/11\/conheca-a-draga-anfibia-watermaster\/\" title=\"Conozca la draga anfibia Watermaster\">Veja mais about Conhe\u00e7a a draga anf\u00edbia Watermaster<\/a>\n\t<meta itemscope itemprop=\"mainEntityOfPage\" itemtype=\"https:\/\/schema.org\/WebPage\" itemid=\"http:\/\/2017\" content=\"Bomba da draga no por\u00e3o ou instalada na lan\u00e7a\" \/><meta itemprop=\"datePublished\" content=\"2024-12-09\" \/><meta itemprop=\"dateModified\" content=\"2025-01-06\" \/><meta itemprop=\"name\" content=\"Endratech\"\/><meta itemprop=\"url\" content=\"https:\/\/www.endratech.com.br\/wp-content\/uploads\/2024\/06\/logo-endratech-oficial.jpg\"\/><meta itemprop=\"url\" content=\"https:\/\/www.endratech.com.br\/author\/admin\/\" \/><meta itemprop=\"name\" content=\"Endratech\" \/><meta itemprop=\"url\" content=\"https:\/\/www.endratech.com.br\/wp-content\/uploads\/2024\/12\/post-09-12-24-1.webp\" \/><meta itemprop=\"width\" content=\"712\" \/><meta itemprop=\"height\" content=\"490\" \/><meta itemprop=\"interactionType\" content=\"https:\/\/schema.org\/CommentAction\" \/><meta itemprop=\"userInteractionCount\" content=\"0\" \/>\n\t\t\t\t<a href=\"https:\/\/www.endratech.com.br\/es\/2024\/12\/09\/bomba-da-draga-no-porao-ou-instalada-na-lanca\/\" target=\"_self\" itemprop=\"url\">\n\t\t\t\t<img loading=\"lazy\" decoding=\"async\" src=\"https:\/\/www.endratech.com.br\/wp-content\/uploads\/bb-plugin\/cache\/post-09-12-24-1-landscape-3a688399b376654591ddcbe3fc3373dc-.webp\" alt=\"\" itemprop=\"image\" data-no-lazy=\"1\" height=\"490\" width=\"712\" onerror=\"this.style.display='none'\"  \/>\n\t\t\t\t<\/a>\n\t\t\t\t\t\t\t\t\t<h5 itemprop=\"headline\">\n\t\t\t\t\t\t\t\t\t\t\t\t\t<a href=\"https:\/\/www.endratech.com.br\/es\/2024\/12\/09\/bomba-da-draga-no-porao-ou-instalada-na-lanca\/\" title=\"Bomba de la draga en el compartimiento o instalada en el brazo\">\n\t\t\t\t\t\t\t\t\t\t\t\t\t\tBomba de la draga en el compartimiento o instalada en el brazo\t\t\t\t\t\t\t\t\t\t\t\t\t<\/a>\n\t\t\t\t\t\t\t\t\t\t\t<\/h5>\nPor <a href=\"https:\/\/www.endratech.com.br\/es\/author\/admin\/\">Endratech<\/a>\t\t\t\t\t\n\t\t\t\t\t\t\t\t\t\t\t\t\t\t\t\t\t\t  |  \n\t\t\t9 de dezembro de 2024\t\t\t\t\t\t\n    Uma quest\u00e3o que \u00e9 recorrente nos projetos de dragagem, trata da utiliza\u00e7\u00e3o da bomba da draga no por\u00e3o ou instalada na lan\u00e7a. Na verdade, n\u00e3o&#8230;\n    <a href=\"https:\/\/www.endratech.com.br\/es\/2024\/12\/09\/bomba-da-draga-no-porao-ou-instalada-na-lanca\/\" title=\"Bomba de la draga en el compartimiento o instalada en el brazo\">Veja mais about Bomba da draga no por\u00e3o ou instalada na lan\u00e7a<\/a>\n\t<meta itemscope itemprop=\"mainEntityOfPage\" itemtype=\"https:\/\/schema.org\/WebPage\" itemid=\"http:\/\/2010\" content=\"Loca\u00e7\u00e3o de equipamentos para crava\u00e7\u00e3o de estacas\" \/><meta itemprop=\"datePublished\" content=\"2024-10-10\" \/><meta itemprop=\"dateModified\" content=\"2025-01-06\" \/><meta itemprop=\"name\" content=\"Endratech\"\/><meta itemprop=\"url\" content=\"https:\/\/www.endratech.com.br\/wp-content\/uploads\/2024\/06\/logo-endratech-oficial.jpg\"\/><meta itemprop=\"url\" content=\"https:\/\/www.endratech.com.br\/author\/admin\/\" \/><meta itemprop=\"name\" content=\"Endratech\" \/><meta itemprop=\"url\" content=\"https:\/\/www.endratech.com.br\/wp-content\/uploads\/2024\/10\/post-10-10-24-1.webp\" \/><meta itemprop=\"width\" content=\"271\" \/><meta itemprop=\"height\" content=\"564\" \/><meta itemprop=\"interactionType\" content=\"https:\/\/schema.org\/CommentAction\" \/><meta itemprop=\"userInteractionCount\" content=\"0\" \/>\n\t\t\t\t<a href=\"https:\/\/www.endratech.com.br\/es\/2024\/10\/10\/locacao-de-equipamentos-para-cravacao-de-estacas\/\" target=\"_self\" itemprop=\"url\">\n\t\t\t\t<img loading=\"lazy\" decoding=\"async\" src=\"https:\/\/www.endratech.com.br\/wp-content\/uploads\/bb-plugin\/cache\/post-10-10-24-1-landscape-aa3ba58a095ba113e91e82ec9cc7b853-.webp\" alt=\"\" itemprop=\"image\" data-no-lazy=\"1\" height=\"564\" width=\"271\" onerror=\"this.style.display='none'\"  \/>\n\t\t\t\t<\/a>\n\t\t\t\t\t\t\t\t\t<h5 itemprop=\"headline\">\n\t\t\t\t\t\t\t\t\t\t\t\t\t<a href=\"https:\/\/www.endratech.com.br\/es\/2024\/10\/10\/locacao-de-equipamentos-para-cravacao-de-estacas\/\" title=\"Alquiler de equipos para hincado de pilotes\">\n\t\t\t\t\t\t\t\t\t\t\t\t\t\tAlquiler de equipos para hincado de pilotes\t\t\t\t\t\t\t\t\t\t\t\t\t<\/a>\n\t\t\t\t\t\t\t\t\t\t\t<\/h5>\nPor <a href=\"https:\/\/www.endratech.com.br\/es\/author\/admin\/\">Endratech<\/a>\t\t\t\t\t\n\t\t\t\t\t\t\t\t\t\t\t\t\t\t\t\t\t\t  |  \n\t\t\t10 de outubro de 2024\t\t\t\t\t\t\n    Nossa empresa nasceu em 1976 como subsidi\u00e1ria de um grupo holand\u00ebs e em 2014 se tornou uma empresa de representa\u00e7\u00e3o independente focada na \u00e1rea de&#8230;\n    <a href=\"https:\/\/www.endratech.com.br\/es\/2024\/10\/10\/locacao-de-equipamentos-para-cravacao-de-estacas\/\" title=\"Alquiler de equipos para hincado de pilotes\">Veja mais about Loca\u00e7\u00e3o de equipamentos para crava\u00e7\u00e3o de estacas<\/a>\n\t\t<!-- .pp-content-posts -->\n\t\t\t<a href=\"https:\/\/www.endratech.com.br\/es\/news\/\" title=\"Click Here\" target=\"_self\"   role=\"button\" aria-label=\"VER M\u00c1S NOTICIAS\">\n\t\t\t\t\t\t\tVER M\u00c1S NOTICIAS\n\t\t<\/a>\n\t\t+<h2>0<\/h2>\t\t\t\n\t\t\tAnos\t\n\t\t+<h2>0<\/h2>\t\t\t\n\t\t\tM\u00e1quinas\t\n\t\t+<h2>0<\/h2>\t\t\t\n\t\t\tPa\u00edses\t\n\t<h2>\n\t\t\t\tHable con nosotros\n\t\t\t<\/h2>\n\t<a href=\"https:\/\/www.google.com\/maps\/place\/Endratech+Engenharia+e+Equipamentos+de+Dragagem+Ltda\/@-22.9862191,-43.1896748,15z\/data=!4m6!3m5!1s0x9bd53c9a6a37d7:0xb6610dffc7b4c2e6!8m2!3d-22.9862191!4d-43.1896748!16s%2Fg%2F1ptvrxnyx?entry=ttu\" target=\"_blank\" rel=\"noopener\" aria-label=\"Go to https:\/\/www.google.com\/maps\/place\/Endratech+Engenharia+e+Equipamentos+de+Dragagem+Ltda\/@-22.9862191,-43.1896748,15z\/data=!4m6!3m5!1s0x9bd53c9a6a37d7:0xb6610dffc7b4c2e6!8m2!3d-22.9862191!4d-43.1896748!16s%2Fg%2F1ptvrxnyx?entry=ttu\"><\/a>\n\t\t<h3>Donde estamos<\/h3>\t\t\t\n\t\t\t\t<p>Av. Atl\u00e2ntica, 4.240 &#8211; Subsolo 121<br \/>Rio de Janeiro &#8211; RJ &#8211; Brasil<\/p>\n\t<a href=\"mailto:contato@endratech.com.br\" target=\"_blank\" rel=\"noopener\" aria-label=\"Go to mailto:contato@endratech.com.br\"><\/a>\n\t\t<h3>Email<\/h3>\t\t\t\n\t\t\t\t<p>contato@endratech.com.br<\/p>\n\t\t<h3>Tel\u00e9fonos<\/h3>\t\t\t\n\t\t\t\t<p><a href=\"tel:+552122624493\">+55 (21) 2262-4493<\/a> <br \/><a href=\"tel:+552122621639\">+55 (21) 2262-1639<\/a><\/p>","protected":false},"excerpt":{"rendered":"<p>ENGENHARIA E EQUIPAMENTOS PARA DRAGAGEM, CONSTRU\u00c7\u00c3O NAVAL, MINERA\u00c7\u00c3O E FUNDA\u00c7\u00d5ES saiba mais Sobre a ENDRATECH Somos especializados na produ\u00e7\u00e3o, consultoria e comercializa\u00e7\u00e3o de equipamentos para [&hellip;]<\/p>\n","protected":false},"author":3,"featured_media":0,"parent":0,"menu_order":0,"comment_status":"closed","ping_status":"closed","template":"","meta":{"site-sidebar-layout":"no-sidebar","site-content-layout":"page-builder","ast-site-content-layout":"full-width-container","site-content-style":"unboxed","site-sidebar-style":"unboxed","ast-global-header-display":"","ast-banner-title-visibility":"","ast-main-header-display":"","ast-hfb-above-header-display":"","ast-hfb-below-header-display":"","ast-hfb-mobile-header-display":"","site-post-title":"disabled","ast-breadcrumbs-content":"","ast-featured-img":"disabled","footer-sml-layout":"","ast-disable-related-posts":"","theme-transparent-header-meta":"","adv-header-id-meta":"","stick-header-meta":"","header-above-stick-meta":"","header-main-stick-meta":"","header-below-stick-meta":"","astra-migrate-meta-layouts":"set","ast-page-background-enabled":"default","ast-page-background-meta":{"desktop":{"background-color":"","background-image":"","background-repeat":"repeat","background-position":"center center","background-size":"auto","background-attachment":"scroll","background-type":"","background-media":"","overlay-type":"","overlay-color":"","overlay-opacity":"","overlay-gradient":""},"tablet":{"background-color":"","background-image":"","background-repeat":"repeat","background-position":"center center","background-size":"auto","background-attachment":"scroll","background-type":"","background-media":"","overlay-type":"","overlay-color":"","overlay-opacity":"","overlay-gradient":""},"mobile":{"background-color":"","background-image":"","background-repeat":"repeat","background-position":"center center","background-size":"auto","background-attachment":"scroll","background-type":"","background-media":"","overlay-type":"","overlay-color":"","overlay-opacity":"","overlay-gradient":""}},"ast-content-background-meta":{"desktop":{"background-color":"var(--ast-global-color-5)","background-image":"","background-repeat":"repeat","background-position":"center center","background-size":"auto","background-attachment":"scroll","background-type":"","background-media":"","overlay-type":"","overlay-color":"","overlay-opacity":"","overlay-gradient":""},"tablet":{"background-color":"var(--ast-global-color-5)","background-image":"","background-repeat":"repeat","background-position":"center center","background-size":"auto","background-attachment":"scroll","background-type":"","background-media":"","overlay-type":"","overlay-color":"","overlay-opacity":"","overlay-gradient":""},"mobile":{"background-color":"var(--ast-global-color-5)","background-image":"","background-repeat":"repeat","background-position":"center center","background-size":"auto","background-attachment":"scroll","background-type":"","background-media":"","overlay-type":"","overlay-color":"","overlay-opacity":"","overlay-gradient":""}},"footnotes":""},"class_list":["post-1129","page","type-page","status-publish","hentry"],"_links":{"self":[{"href":"https:\/\/www.endratech.com.br\/es\/wp-json\/wp\/v2\/pages\/1129","targetHints":{"allow":["GET"]}}],"collection":[{"href":"https:\/\/www.endratech.com.br\/es\/wp-json\/wp\/v2\/pages"}],"about":[{"href":"https:\/\/www.endratech.com.br\/es\/wp-json\/wp\/v2\/types\/page"}],"author":[{"embeddable":true,"href":"https:\/\/www.endratech.com.br\/es\/wp-json\/wp\/v2\/users\/3"}],"replies":[{"embeddable":true,"href":"https:\/\/www.endratech.com.br\/es\/wp-json\/wp\/v2\/comments?post=1129"}],"version-history":[{"count":9,"href":"https:\/\/www.endratech.com.br\/es\/wp-json\/wp\/v2\/pages\/1129\/revisions"}],"predecessor-version":[{"id":2052,"href":"https:\/\/www.endratech.com.br\/es\/wp-json\/wp\/v2\/pages\/1129\/revisions\/2052"}],"wp:attachment":[{"href":"https:\/\/www.endratech.com.br\/es\/wp-json\/wp\/v2\/media?parent=1129"}],"curies":[{"name":"wp","href":"https:\/\/api.w.org\/{rel}","templated":true}]}}